{"id":23749,"date":"2025-10-17T11:04:53","date_gmt":"2025-10-17T09:04:53","guid":{"rendered":"https:\/\/interwor-tsic.com\/politica-de-seguridad\/"},"modified":"2025-10-17T11:13:20","modified_gmt":"2025-10-17T09:13:20","slug":"security-policy","status":"publish","type":"page","link":"https:\/\/interwor-tsic.com\/en\/security-policy\/","title":{"rendered":"Security policy"},"content":{"rendered":"\n<p><strong>INTERWOR TSIC,<\/strong>&nbsp;empresa dedicada al&nbsp;<strong>consultor\u00eda, integraci\u00f3n, y mantenimiento de soluciones de infraestructura de sistemas, comunicaciones, y ciberseguridad<\/strong>, ha decidido implantar un Sistema de Gesti\u00f3n de la Seguridad de la Informaci\u00f3n basado en la norma ISO 27001 con el objetivo de preservar la confidencialidad, integridad y disponibilidad de la informaci\u00f3n, proteger a \u00e9sta de un amplio grupo de amenazas y destinado a asegurar la continuidad de las l\u00edneas de negocio, minimizar los da\u00f1os y maximizar el retorno de las inversiones y las oportunidades de negocio y la mejora continua.<\/p>\n\n\n\n<p>La Direcci\u00f3n de INTERWOR TSIC es consciente de que la informaci\u00f3n es un activo que tiene un elevado valor para la Organizaci\u00f3n y requiere por tanto una protecci\u00f3n adecuada.<\/p>\n\n\n\n<p>La Direcci\u00f3n de INTERWOR TSIC, establece como objetivos de base, punto de partida y soporte de los objetivos y principios de la seguridad de la informaci\u00f3n los siguientes:<\/p>\n\n\n\n<ul class=\"wp-block-list\" class=\"wp-block-list\">\n<li>La protecci\u00f3n de los datos de car\u00e1cter personal y la intimidad de las personas.<\/li>\n\n\n\n<li>La salvaguarda de los registros de la organizaci\u00f3n.<\/li>\n\n\n\n<li>La protecci\u00f3n de los derechos de propiedad intelectual.<\/li>\n\n\n\n<li>La documentaci\u00f3n de la pol\u00edtica de seguridad de la informaci\u00f3n.<\/li>\n\n\n\n<li>La asignaci\u00f3n de responsabilidades de seguridad.<\/li>\n\n\n\n<li>La formaci\u00f3n y capacitaci\u00f3n para la seguridad de la informaci\u00f3n.<\/li>\n\n\n\n<li>El registro de las incidencias de seguridad.<\/li>\n\n\n\n<li>La gesti\u00f3n de la continuidad del negocio.<\/li>\n\n\n\n<li>La gesti\u00f3n de los cambios que pudieran darse en INTERWOR TSIC relativos a la seguridad<\/li>\n<\/ul>\n\n\n\n<p>La Direcci\u00f3n de INTERWOR TSIC, mediante la elaboraci\u00f3n e implantaci\u00f3n del presente Sistema de Gesti\u00f3n de Seguridad de la Informaci\u00f3n adquiere los siguientes compromisos:<\/p>\n\n\n\n<ul class=\"wp-block-list\" class=\"wp-block-list\">\n<li>Desarrollar soluciones y servicios conformes con los requisitos legislativos, identificando para ello las legislaciones de aplicaci\u00f3n a las l\u00edneas de negocio desarrolladas por la organizaci\u00f3n e incluidas en el alcance del Sistema de Gesti\u00f3n de la Seguridad de la Informaci\u00f3n.<\/li>\n\n\n\n<li>Establecimiento y cumplimiento de los requisitos contractuales con las partes interesadas.<\/li>\n\n\n\n<li>Definir los requisitos de formaci\u00f3n en seguridad y proporcionar la formaci\u00f3n necesaria en dicha materia a las partes interesadas, mediante el establecimiento de planes de formaci\u00f3n.<\/li>\n\n\n\n<li>Prevenci\u00f3n y detecci\u00f3n de virus y otro software malicioso, mediante el desarrollo de pol\u00edticas espec\u00edficas y el establecimiento acuerdos contractuales con organizaciones especializadas.<\/li>\n\n\n\n<li>Gesti\u00f3n de la continuidad del negocio, desarrollando planes de continuidad conformes a metodolog\u00edas de reconocido prestigio internacional.<\/li>\n\n\n\n<li>Establecimiento de las consecuencias de las violaciones de la pol\u00edtica de seguridad, las cuales ser\u00e1n reflejadas en los contratos firmados con las partes interesadas, proveedores y subcontratas.<\/li>\n\n\n\n<li>Actuar en todo momento dentro de la m\u00e1s estricta \u00e9tica profesional.<\/li>\n<\/ul>\n\n\n\n<p>Esta Pol\u00edtica proporciona el marco de referencia para la mejora continua del Sistema de Gesti\u00f3n de Seguridad de la Informaci\u00f3n as\u00ed como para establecer y revisar los objetivos del Sistema de Gesti\u00f3n de Seguridad de la Informaci\u00f3n, siendo comunicada a toda la Organizaci\u00f3n a trav\u00e9s de la intranet de la organizaci\u00f3n y su publicaci\u00f3n en paneles informativos, siendo revisada anualmente para su adecuaci\u00f3n y extraordinariamente cuando concurran situaciones especiales y\/o cambios sustanciales en el Sistema de Gesti\u00f3n de Seguridad de la Informaci\u00f3n, estando a disposici\u00f3n p\u00fablico en general.<\/p>\n\n\n\n<p><em>Comit\u00e9 de Direcci\u00f3n<\/em><\/p>\n\n\n\n<p><em>Barcelona, 13 de Junio de 2023&nbsp;<\/em><\/p>\n","protected":false},"excerpt":{"rendered":"<p>INTERWOR TSIC,&nbsp;empresa dedicada al&nbsp;consultor\u00eda, integraci\u00f3n, y mantenimiento de soluciones de infraestructura de sistemas, comunicaciones, y ciberseguridad, ha decidido implantar un Sistema de Gesti\u00f3n de la Seguridad de la Informaci\u00f3n basado en la norma ISO 27001 con el objetivo de preservar la&#8230;<\/p>\n","protected":false},"author":1,"featured_media":0,"parent":0,"menu_order":0,"comment_status":"closed","ping_status":"closed","template":"","meta":{"footnotes":""},"class_list":["post-23749","page","type-page","status-publish","hentry"],"yoast_head":"<!-- This site is optimized with the Yoast SEO plugin v27.4 - https:\/\/yoast.com\/product\/yoast-seo-wordpress\/ -->\n<title>Security policy - Interwor<\/title>\n<meta name=\"robots\" content=\"index, follow, max-snippet:-1, max-image-preview:large, max-video-preview:-1\" \/>\n<link rel=\"canonical\" href=\"https:\/\/interwor-tsic.com\/en\/security-policy\/\" \/>\n<meta property=\"og:locale\" content=\"en_US\" \/>\n<meta property=\"og:type\" content=\"article\" \/>\n<meta property=\"og:title\" content=\"Security policy - Interwor\" \/>\n<meta property=\"og:description\" content=\"INTERWOR TSIC,&nbsp;empresa dedicada al&nbsp;consultor\u00eda, integraci\u00f3n, y mantenimiento de soluciones de infraestructura de sistemas, comunicaciones, y ciberseguridad, ha decidido implantar un Sistema de Gesti\u00f3n de la Seguridad de la Informaci\u00f3n basado en la norma ISO 27001 con el objetivo de preservar la...\" \/>\n<meta property=\"og:url\" content=\"https:\/\/interwor-tsic.com\/en\/security-policy\/\" \/>\n<meta property=\"og:site_name\" content=\"Interwor\" \/>\n<meta property=\"article:modified_time\" content=\"2025-10-17T09:13:20+00:00\" \/>\n<meta name=\"twitter:card\" content=\"summary_large_image\" \/>\n<meta name=\"twitter:label1\" content=\"Est. reading time\" \/>\n\t<meta name=\"twitter:data1\" content=\"3 minutes\" \/>\n<script type=\"application\/ld+json\" class=\"yoast-schema-graph\">{\"@context\":\"https:\\\/\\\/schema.org\",\"@graph\":[{\"@type\":\"WebPage\",\"@id\":\"https:\\\/\\\/interwor-tsic.com\\\/en\\\/security-policy\\\/\",\"url\":\"https:\\\/\\\/interwor-tsic.com\\\/en\\\/security-policy\\\/\",\"name\":\"Security policy - Interwor\",\"isPartOf\":{\"@id\":\"https:\\\/\\\/interwor2025.vacune.com\\\/#website\"},\"datePublished\":\"2025-10-17T09:04:53+00:00\",\"dateModified\":\"2025-10-17T09:13:20+00:00\",\"breadcrumb\":{\"@id\":\"https:\\\/\\\/interwor-tsic.com\\\/en\\\/security-policy\\\/#breadcrumb\"},\"inLanguage\":\"en-US\",\"potentialAction\":[{\"@type\":\"ReadAction\",\"target\":[\"https:\\\/\\\/interwor-tsic.com\\\/en\\\/security-policy\\\/\"]}]},{\"@type\":\"BreadcrumbList\",\"@id\":\"https:\\\/\\\/interwor-tsic.com\\\/en\\\/security-policy\\\/#breadcrumb\",\"itemListElement\":[{\"@type\":\"ListItem\",\"position\":1,\"name\":\"Portada\",\"item\":\"https:\\\/\\\/interwor2025.vacune.com\\\/en\\\/\"},{\"@type\":\"ListItem\",\"position\":2,\"name\":\"Security policy\"}]},{\"@type\":\"WebSite\",\"@id\":\"https:\\\/\\\/interwor2025.vacune.com\\\/#website\",\"url\":\"https:\\\/\\\/interwor2025.vacune.com\\\/\",\"name\":\"Interwor\",\"description\":\"Expertos en consultor\u00eda tecnol\u00f3gica\",\"publisher\":{\"@id\":\"https:\\\/\\\/interwor2025.vacune.com\\\/#organization\"},\"potentialAction\":[{\"@type\":\"SearchAction\",\"target\":{\"@type\":\"EntryPoint\",\"urlTemplate\":\"https:\\\/\\\/interwor2025.vacune.com\\\/?s={search_term_string}\"},\"query-input\":{\"@type\":\"PropertyValueSpecification\",\"valueRequired\":true,\"valueName\":\"search_term_string\"}}],\"inLanguage\":\"en-US\"},{\"@type\":\"Organization\",\"@id\":\"https:\\\/\\\/interwor2025.vacune.com\\\/#organization\",\"name\":\"Interwor\",\"url\":\"https:\\\/\\\/interwor2025.vacune.com\\\/\",\"logo\":{\"@type\":\"ImageObject\",\"inLanguage\":\"en-US\",\"@id\":\"https:\\\/\\\/interwor2025.vacune.com\\\/#\\\/schema\\\/logo\\\/image\\\/\",\"url\":\"https:\\\/\\\/interwor-tsic.com\\\/wp-content\\\/uploads\\\/2025\\\/06\\\/logo_cabecera.svg\",\"contentUrl\":\"https:\\\/\\\/interwor-tsic.com\\\/wp-content\\\/uploads\\\/2025\\\/06\\\/logo_cabecera.svg\",\"width\":404,\"height\":59,\"caption\":\"Interwor\"},\"image\":{\"@id\":\"https:\\\/\\\/interwor2025.vacune.com\\\/#\\\/schema\\\/logo\\\/image\\\/\"}}]}<\/script>\n<!-- \/ Yoast SEO plugin. -->","yoast_head_json":{"title":"Security policy - Interwor","robots":{"index":"index","follow":"follow","max-snippet":"max-snippet:-1","max-image-preview":"max-image-preview:large","max-video-preview":"max-video-preview:-1"},"canonical":"https:\/\/interwor-tsic.com\/en\/security-policy\/","og_locale":"en_US","og_type":"article","og_title":"Security policy - Interwor","og_description":"INTERWOR TSIC,&nbsp;empresa dedicada al&nbsp;consultor\u00eda, integraci\u00f3n, y mantenimiento de soluciones de infraestructura de sistemas, comunicaciones, y ciberseguridad, ha decidido implantar un Sistema de Gesti\u00f3n de la Seguridad de la Informaci\u00f3n basado en la norma ISO 27001 con el objetivo de preservar la...","og_url":"https:\/\/interwor-tsic.com\/en\/security-policy\/","og_site_name":"Interwor","article_modified_time":"2025-10-17T09:13:20+00:00","twitter_card":"summary_large_image","twitter_misc":{"Est. reading time":"3 minutes"},"schema":{"@context":"https:\/\/schema.org","@graph":[{"@type":"WebPage","@id":"https:\/\/interwor-tsic.com\/en\/security-policy\/","url":"https:\/\/interwor-tsic.com\/en\/security-policy\/","name":"Security policy - Interwor","isPartOf":{"@id":"https:\/\/interwor2025.vacune.com\/#website"},"datePublished":"2025-10-17T09:04:53+00:00","dateModified":"2025-10-17T09:13:20+00:00","breadcrumb":{"@id":"https:\/\/interwor-tsic.com\/en\/security-policy\/#breadcrumb"},"inLanguage":"en-US","potentialAction":[{"@type":"ReadAction","target":["https:\/\/interwor-tsic.com\/en\/security-policy\/"]}]},{"@type":"BreadcrumbList","@id":"https:\/\/interwor-tsic.com\/en\/security-policy\/#breadcrumb","itemListElement":[{"@type":"ListItem","position":1,"name":"Portada","item":"https:\/\/interwor2025.vacune.com\/en\/"},{"@type":"ListItem","position":2,"name":"Security policy"}]},{"@type":"WebSite","@id":"https:\/\/interwor2025.vacune.com\/#website","url":"https:\/\/interwor2025.vacune.com\/","name":"Interwor","description":"Expertos en consultor\u00eda tecnol\u00f3gica","publisher":{"@id":"https:\/\/interwor2025.vacune.com\/#organization"},"potentialAction":[{"@type":"SearchAction","target":{"@type":"EntryPoint","urlTemplate":"https:\/\/interwor2025.vacune.com\/?s={search_term_string}"},"query-input":{"@type":"PropertyValueSpecification","valueRequired":true,"valueName":"search_term_string"}}],"inLanguage":"en-US"},{"@type":"Organization","@id":"https:\/\/interwor2025.vacune.com\/#organization","name":"Interwor","url":"https:\/\/interwor2025.vacune.com\/","logo":{"@type":"ImageObject","inLanguage":"en-US","@id":"https:\/\/interwor2025.vacune.com\/#\/schema\/logo\/image\/","url":"https:\/\/interwor-tsic.com\/wp-content\/uploads\/2025\/06\/logo_cabecera.svg","contentUrl":"https:\/\/interwor-tsic.com\/wp-content\/uploads\/2025\/06\/logo_cabecera.svg","width":404,"height":59,"caption":"Interwor"},"image":{"@id":"https:\/\/interwor2025.vacune.com\/#\/schema\/logo\/image\/"}}]}},"_links":{"self":[{"href":"https:\/\/interwor-tsic.com\/en\/wp-json\/wp\/v2\/pages\/23749","targetHints":{"allow":["GET"]}}],"collection":[{"href":"https:\/\/interwor-tsic.com\/en\/wp-json\/wp\/v2\/pages"}],"about":[{"href":"https:\/\/interwor-tsic.com\/en\/wp-json\/wp\/v2\/types\/page"}],"author":[{"embeddable":true,"href":"https:\/\/interwor-tsic.com\/en\/wp-json\/wp\/v2\/users\/1"}],"replies":[{"embeddable":true,"href":"https:\/\/interwor-tsic.com\/en\/wp-json\/wp\/v2\/comments?post=23749"}],"version-history":[{"count":1,"href":"https:\/\/interwor-tsic.com\/en\/wp-json\/wp\/v2\/pages\/23749\/revisions"}],"predecessor-version":[{"id":23754,"href":"https:\/\/interwor-tsic.com\/en\/wp-json\/wp\/v2\/pages\/23749\/revisions\/23754"}],"wp:attachment":[{"href":"https:\/\/interwor-tsic.com\/en\/wp-json\/wp\/v2\/media?parent=23749"}],"curies":[{"name":"wp","href":"https:\/\/api.w.org\/{rel}","templated":true}]}}