{"id":23748,"date":"2025-10-17T11:05:37","date_gmt":"2025-10-17T09:05:37","guid":{"rendered":"https:\/\/interwor-tsic.com\/politica-de-cookies-interwor\/"},"modified":"2025-10-17T11:13:02","modified_gmt":"2025-10-17T09:13:02","slug":"cookies-policy","status":"publish","type":"page","link":"https:\/\/interwor-tsic.com\/en\/cookies-policy\/","title":{"rendered":"Cookies policy"},"content":{"rendered":"\n<ol class=\"wp-block-list\">\n<li><strong>\u00bfA QUI\u00c9N SE DIRIGE Y APLICA ESTA POL\u00cdTICA?<\/strong><\/li>\n<\/ol>\n\n\n\n<p>Esta pol\u00edtica es de aplicaci\u00f3n a&nbsp;<strong>todos los usuarios de la p\u00e1gina web&nbsp;<\/strong>que tengan la consideraci\u00f3n de personas f\u00edsicas.&nbsp;<\/p>\n\n\n\n<ol start=\"2\" class=\"wp-block-list\">\n<li><strong>\u00bfQUI\u00c9N ES EL RESPONSABLE DEL TRATAMIENTO DE TUS DATOS PERSONALES?<\/strong><\/li>\n<\/ol>\n\n\n\n<figure class=\"wp-block-table\"><table class=\"has-fixed-layout\"><tbody><tr><td>Denominaci\u00f3n Social<\/td><td>INTERWOR T SIC SLU (en adelante, INTERWOR)<\/td><\/tr><tr><td>Domicilio Social<\/td><td>Pla\u00e7a Catalunya, 21 \u2013 2\u00aa planta. 08002, Barcelona (Barcelona).<\/td><\/tr><tr><td>CIF \/ NIF<\/td><td>B63950737<\/td><\/tr><tr><td>Tel\u00e9fono<\/td><td><a href=\"tel:933968033\">933 96 80 33<\/a><\/td><\/tr><tr><td>E-mail<\/td><td>tsic@interwor-tsic.com&nbsp;&nbsp;<\/td><\/tr><\/tbody><\/table><\/figure>\n\n\n\n<ol start=\"3\" class=\"wp-block-list\">\n<li><strong>\u00bfSE UTILIZAN COOKIES EN LA P\u00c1GINA WEB? \u00bfQU\u00c9 SON?<\/strong><\/li>\n<\/ol>\n\n\n\n<p>La p\u00e1gina web utiliza cookies, es decir, ficheros creados en el navegador del usuario para registrar parte de su actividad. Permiten almacenar y recuperar informaci\u00f3n sobre los h\u00e1bitos de navegaci\u00f3n de un usuario o de su equipo. Las cookies pueden ser de diversos tipos en funci\u00f3n de distintos par\u00e1metros:<\/p>\n\n\n\n<ol start=\"4\" class=\"wp-block-list\">\n<li><strong>\u00bfQU\u00c9 COOKIES EXISTEN?<\/strong><\/li>\n<\/ol>\n\n\n\n<figure class=\"wp-block-table\"><table class=\"has-fixed-layout\"><tbody><tr><td colspan=\"2\">Tipos de cookies seg\u00fan la entidad que las gestione<\/td><\/tr><tr><td>Cookies propias<\/td><td>Aqu\u00e9llas que se env\u00edan al equipo terminal del usuario desde un equipo o dominio gestionado por el propio editor y desde el que se presta el servicio solicitado por el usuario.<\/td><\/tr><tr><td>Cookies de terceros<\/td><td>Aqu\u00e9llas que se env\u00edan al equipo terminal del usuario desde un equipo o dominio que no es gestionado por el editor, sino por otra entidad que trata los datos obtenidos trav\u00e9s de las cookies.&nbsp;<\/td><\/tr><\/tbody><\/table><\/figure>\n\n\n\n<figure class=\"wp-block-table\"><table class=\"has-fixed-layout\"><tbody><tr><td colspan=\"2\">Tipos de&nbsp;<em>cookies&nbsp;<\/em>seg\u00fan el plazo de tiempo que permanecen activadas<\/td><\/tr><tr><td><strong>Cookies de sesi\u00f3n<\/strong><\/td><td>Cookies dise\u00f1adas para recabar y almacenar datos mientras el usuario accede a una p\u00e1gina web.&nbsp;Se suelen emplear para almacenar informaci\u00f3n que solo interesa conservar para la prestaci\u00f3n del servicio solicitado por el usuario en una sola ocasi\u00f3n (p.e. una lista de productos adquiridos).&nbsp;<\/td><\/tr><tr><td><strong>Cookies persistentes<\/strong><\/td><td>Las que almacenan los datos en el terminal y pueden ser accedidos y tratados durante un periodo definido por el responsable de la cookie. Puede ir de unos minutos a varios a\u00f1os.<\/td><\/tr><tr><td colspan=\"2\">Tipos de cookies seg\u00fan su finalidad<\/td><\/tr><tr><td>Cookies t\u00e9cnicas<\/td><td>Aqu\u00e9llas que permiten al usuario la utilizaci\u00f3n de las diferentes opciones o servicios que en ella existan como, por ejemplo, controlar el tr\u00e1fico y la comunicaci\u00f3n de datos, identificar la sesi\u00f3n, acceder a partes de acceso restringido.Adem\u00e1s, se incluyen aqu\u00e9llas que permiten la gesti\u00f3n, de la forma m\u00e1s eficaz posible, de los espacios publicitarios que, en su caso, el editor haya incluido en base a criterios como el contenido editado o la frecuencia en la que se muestran los anuncios.<\/td><\/tr><tr><td>Cookies de personalizaci\u00f3n<\/td><td>Aqu\u00e9llas que permiten al usuario acceder al servicio con algunas caracter\u00edsticas predefinidas en funci\u00f3n de una serie de criterios en el terminal del usuario como por ejemplo serian el idioma, el tipo de navegador a trav\u00e9s del cual accede al servicio o la configuraci\u00f3n regional desde donde accede al servicio.<\/td><\/tr><tr><td>Cookies de an\u00e1lisis<\/td><td>Aqu\u00e9llas que permiten el seguimiento y an\u00e1lisis del comportamiento de los usuarios.<\/td><\/tr><tr><td>Cookies de publicidad comportamental<\/td><td>Las que permiten la gesti\u00f3n, de la forma m\u00e1s eficaz posible, de los espacios publicitarios. Almacenan informaci\u00f3n del comportamiento de los usuarios obtenida a trav\u00e9s de la observaci\u00f3n continuada de sus h\u00e1bitos de navegaci\u00f3n, lo que permite desarrollar un perfil espec\u00edfico para mostrar publicidad.<\/td><\/tr><\/tbody><\/table><\/figure>\n\n\n\n<ol start=\"5\" class=\"wp-block-list\">\n<li><strong>\u00bfQU\u00c9 COOKIES UTILIZAMOS?<\/strong><\/li>\n<\/ol>\n\n\n\n<p>Las cookies que se utilizan en esta p\u00e1gina pueden ser propias o de terceros, de sesi\u00f3n o persistentes, as\u00ed como t\u00e9cnicas y anal\u00edticas. A continuaci\u00f3n, se muestra un cuadro resumen informativo de las cookies concretas que utiliza INTERWOR en este momento:&nbsp;<\/p>\n\n\n\n<figure class=\"wp-block-table\"><table class=\"has-fixed-layout\"><tbody><tr><td><strong>Tipo&nbsp;<\/strong><\/td><td><strong>Nombre<\/strong><\/td><td><strong>Duraci\u00f3n<\/strong><\/td><td><strong>Finalidades<\/strong><\/td><\/tr><tr><td>De terceros, anal\u00edtica<\/td><td>_grecaptcha<\/td><td>Persistente.2 a\u00f1os a partir de la configuraci\u00f3n<\/td><td>Esta cookie se utiliza para distinguir entre humanos y bots. Esto es beneficioso para la web con el objeto de elaborar informes v\u00e1lidos sobre el uso de su web.<\/td><\/tr><tr><td>De terceros, anal\u00edtica<\/td><td>_GRECAPTCHA<\/td><td>180 d\u00edas<\/td><td>Esta cookie se utiliza para distinguir entre humanos y bots. Esto es beneficioso para la web con el objeto de elaborar informes v\u00e1lidos sobre el uso de su web.<\/td><\/tr><tr><td>De terceros, anal\u00edtica<\/td><td>1.gif<\/td><td>Sesi\u00f3n<\/td><td>Se utiliza para contar el n\u00famero de sesiones del sitio web, necesario para optimizar la entrega de productos CMP.<\/td><\/tr><tr><td>De terceros, anal\u00edtica(Google)<\/td><td>CoookieConsent<\/td><td>1 a\u00f1o<\/td><td>Almacena el estado de consentimiento de cookies del usuario para el dominio actual<\/td><\/tr><tr><td>De terceros, anal\u00edtica(Google)<\/td><td>rc::a<\/td><td>Persistente<\/td><td>Esta cookie se utiliza para distinguir entre humanos y bots. Esto es beneficioso para la web con el objeto de elaborar informes v\u00e1lidos sobre el uso de su web.<\/td><\/tr><tr><td>De terceros, anal\u00edtica (Google)<\/td><td>rc::b<\/td><td>Sesi\u00f3n<\/td><td>Esta cookie se utiliza para distinguir entre humanos y bots.<\/td><\/tr><tr><td>De terceros, anal\u00edtica (Google)<\/td><td>rc::c<\/td><td>Sesi\u00f3n<\/td><td>Esta cookie se utiliza para distinguir entre humanos y bots.<\/td><\/tr><tr><td>Propia<\/td><td>wordpress_test_cookie<\/td><td>Sesi\u00f3n<\/td><td>Utilizada para comprobar si el navegador del usuario admite cookies.<\/td><\/tr><\/tbody><\/table><\/figure>\n\n\n\n<ol start=\"6\" class=\"wp-block-list\">\n<li><strong>\u00bfQUI\u00c9N UTILIZA LAS COOKIES?<\/strong><\/li>\n<\/ol>\n\n\n\n<p>La informaci\u00f3n obtenida a trav\u00e9s de las Cookies ser\u00e1 incorporada a los tratamientos de&nbsp;INTERWOR&nbsp;con las finalidades y plazos indicados en la presente Pol\u00edtica.<\/p>\n\n\n\n<p>Asimismo, esta informaci\u00f3n tambi\u00e9n se incorporar\u00e1 a los ficheros de Google como empresa proveedora de las Cookies de Terceros indicadas en el presente documento, siendo tratada con las finalidades indicadas en sus respectivas pol\u00edticas de privacidad.<\/p>\n\n\n\n<p>La base jur\u00eddica que legitima estos tratamientos es el consentimiento del usuario, prestado con ocasi\u00f3n de su navegaci\u00f3n por la p\u00e1gina web; no obstante, el usuario podr\u00e1 rechazar el uso de Cookies mediante los mecanismos indicados en la presente Pol\u00edtica.<\/p>\n\n\n\n<ol start=\"7\" class=\"wp-block-list\">\n<li><strong>CONFIGURACI\u00d3N DE LAS COOKIES<\/strong><\/li>\n<\/ol>\n\n\n\n<p>A trav\u00e9s del panel de control se facilita la gesti\u00f3n de todas las cookies. Adem\u00e1s, te ofrecemos informaci\u00f3n sobre c\u00f3mo puedes llevar a cabo la gesti\u00f3n y desactivaci\u00f3n de las cookies utilizadas en la plataforma a trav\u00e9s de las diferentes opciones que ofrecen los navegadores m\u00e1s comunes:<\/p>\n\n\n\n<ul class=\"wp-block-list\" class=\"wp-block-list\">\n<li><a href=\"https:\/\/support.google.com\/chrome\/answer\/95647?co=GENIE.Platform%3DDesktop&amp;hl=es\">Google Chrome<\/a><\/li>\n\n\n\n<li><a href=\"https:\/\/support.mozilla.org\/es\/kb\/impedir-que-los-sitios-web-guarden-sus-preferencia\">Mozilla Firefox<\/a>\u00a0<\/li>\n\n\n\n<li><a href=\"https:\/\/support.microsoft.com\/es-es\/help\/17442\/windows-internet-explorer-delete-manage-cookies\">Microsoft Internet Explorer<\/a>\u00a0<\/li>\n\n\n\n<li><a href=\"https:\/\/support.apple.com\/es-es\/HT201265\">Safari<\/a><\/li>\n<\/ul>\n\n\n\n<ol start=\"8\" class=\"wp-block-list\">\n<li><strong>ACTUALIZACIONES Y CAMBIOS EN LA POL\u00cdTICA DE COOKIES.<\/strong><\/li>\n<\/ol>\n\n\n\n<p>La variaci\u00f3n de las cookies que aparezcan en esta web puede no estar relacionada con la gesti\u00f3n y el mantenimiento de la misma, por lo que se llevan a cabo revisiones peri\u00f3dicas para adecuar la pol\u00edtica de cookies.<\/p>\n\n\n\n<p>El titular de la web no asume ninguna responsabilidad por problemas legales o t\u00e9cnicos causados por el incumplimiento por parte del usuario de las recomendaciones incluidas y no se hace responsable del contenido y veracidad de las pol\u00edticas de privacidad de terceros.<\/p>\n\n\n\n<p>Esta Pol\u00edtica de Cookies podr\u00e1 ser modificada en funci\u00f3n de exigencias legislativas, reglamentarias, o con la finalidad de adaptar dicha pol\u00edtica a las instrucciones dictadas por la Agencia Espa\u00f1ola de Protecci\u00f3n de Datos, por ello se aconseja a los Usuarios que la visiten peri\u00f3dicamente.<\/p>\n\n\n\n<p><strong>\u00daltima actualizaci\u00f3n: Abril 2024<\/strong><\/p>\n","protected":false},"excerpt":{"rendered":"<p>Esta pol\u00edtica es de aplicaci\u00f3n a&nbsp;todos los usuarios de la p\u00e1gina web&nbsp;que tengan la consideraci\u00f3n de personas f\u00edsicas.&nbsp; Denominaci\u00f3n Social INTERWOR T SIC SLU (en adelante, INTERWOR) Domicilio Social Pla\u00e7a Catalunya, 21 \u2013 2\u00aa planta. 08002, Barcelona (Barcelona). CIF \/ NIF&#8230;<\/p>\n","protected":false},"author":1,"featured_media":0,"parent":0,"menu_order":0,"comment_status":"closed","ping_status":"closed","template":"","meta":{"footnotes":""},"class_list":["post-23748","page","type-page","status-publish","hentry"],"yoast_head":"<!-- This site is optimized with the Yoast SEO plugin v27.4 - https:\/\/yoast.com\/product\/yoast-seo-wordpress\/ -->\n<title>Cookies policy - Interwor<\/title>\n<meta name=\"robots\" content=\"index, follow, max-snippet:-1, max-image-preview:large, max-video-preview:-1\" \/>\n<link rel=\"canonical\" href=\"https:\/\/interwor-tsic.com\/en\/cookies-policy\/\" \/>\n<meta property=\"og:locale\" content=\"en_US\" \/>\n<meta property=\"og:type\" content=\"article\" \/>\n<meta property=\"og:title\" content=\"Cookies policy - Interwor\" \/>\n<meta property=\"og:description\" content=\"Esta pol\u00edtica es de aplicaci\u00f3n a&nbsp;todos los usuarios de la p\u00e1gina web&nbsp;que tengan la consideraci\u00f3n de personas f\u00edsicas.&nbsp; Denominaci\u00f3n Social INTERWOR T SIC SLU (en adelante, INTERWOR) Domicilio Social Pla\u00e7a Catalunya, 21 \u2013 2\u00aa planta. 08002, Barcelona (Barcelona). CIF \/ NIF...\" \/>\n<meta property=\"og:url\" content=\"https:\/\/interwor-tsic.com\/en\/cookies-policy\/\" \/>\n<meta property=\"og:site_name\" content=\"Interwor\" \/>\n<meta property=\"article:modified_time\" content=\"2025-10-17T09:13:02+00:00\" \/>\n<meta name=\"twitter:card\" content=\"summary_large_image\" \/>\n<meta name=\"twitter:label1\" content=\"Est. reading time\" \/>\n\t<meta name=\"twitter:data1\" content=\"5 minutes\" \/>\n<script type=\"application\/ld+json\" class=\"yoast-schema-graph\">{\"@context\":\"https:\\\/\\\/schema.org\",\"@graph\":[{\"@type\":\"WebPage\",\"@id\":\"https:\\\/\\\/interwor-tsic.com\\\/en\\\/cookies-policy\\\/\",\"url\":\"https:\\\/\\\/interwor-tsic.com\\\/en\\\/cookies-policy\\\/\",\"name\":\"Cookies policy - Interwor\",\"isPartOf\":{\"@id\":\"https:\\\/\\\/interwor2025.vacune.com\\\/#website\"},\"datePublished\":\"2025-10-17T09:05:37+00:00\",\"dateModified\":\"2025-10-17T09:13:02+00:00\",\"breadcrumb\":{\"@id\":\"https:\\\/\\\/interwor-tsic.com\\\/en\\\/cookies-policy\\\/#breadcrumb\"},\"inLanguage\":\"en-US\",\"potentialAction\":[{\"@type\":\"ReadAction\",\"target\":[\"https:\\\/\\\/interwor-tsic.com\\\/en\\\/cookies-policy\\\/\"]}]},{\"@type\":\"BreadcrumbList\",\"@id\":\"https:\\\/\\\/interwor-tsic.com\\\/en\\\/cookies-policy\\\/#breadcrumb\",\"itemListElement\":[{\"@type\":\"ListItem\",\"position\":1,\"name\":\"Portada\",\"item\":\"https:\\\/\\\/interwor2025.vacune.com\\\/en\\\/\"},{\"@type\":\"ListItem\",\"position\":2,\"name\":\"Cookies policy\"}]},{\"@type\":\"WebSite\",\"@id\":\"https:\\\/\\\/interwor2025.vacune.com\\\/#website\",\"url\":\"https:\\\/\\\/interwor2025.vacune.com\\\/\",\"name\":\"Interwor\",\"description\":\"Expertos en consultor\u00eda tecnol\u00f3gica\",\"publisher\":{\"@id\":\"https:\\\/\\\/interwor2025.vacune.com\\\/#organization\"},\"potentialAction\":[{\"@type\":\"SearchAction\",\"target\":{\"@type\":\"EntryPoint\",\"urlTemplate\":\"https:\\\/\\\/interwor2025.vacune.com\\\/?s={search_term_string}\"},\"query-input\":{\"@type\":\"PropertyValueSpecification\",\"valueRequired\":true,\"valueName\":\"search_term_string\"}}],\"inLanguage\":\"en-US\"},{\"@type\":\"Organization\",\"@id\":\"https:\\\/\\\/interwor2025.vacune.com\\\/#organization\",\"name\":\"Interwor\",\"url\":\"https:\\\/\\\/interwor2025.vacune.com\\\/\",\"logo\":{\"@type\":\"ImageObject\",\"inLanguage\":\"en-US\",\"@id\":\"https:\\\/\\\/interwor2025.vacune.com\\\/#\\\/schema\\\/logo\\\/image\\\/\",\"url\":\"https:\\\/\\\/interwor-tsic.com\\\/wp-content\\\/uploads\\\/2025\\\/06\\\/logo_cabecera.svg\",\"contentUrl\":\"https:\\\/\\\/interwor-tsic.com\\\/wp-content\\\/uploads\\\/2025\\\/06\\\/logo_cabecera.svg\",\"width\":404,\"height\":59,\"caption\":\"Interwor\"},\"image\":{\"@id\":\"https:\\\/\\\/interwor2025.vacune.com\\\/#\\\/schema\\\/logo\\\/image\\\/\"}}]}<\/script>\n<!-- \/ Yoast SEO plugin. -->","yoast_head_json":{"title":"Cookies policy - Interwor","robots":{"index":"index","follow":"follow","max-snippet":"max-snippet:-1","max-image-preview":"max-image-preview:large","max-video-preview":"max-video-preview:-1"},"canonical":"https:\/\/interwor-tsic.com\/en\/cookies-policy\/","og_locale":"en_US","og_type":"article","og_title":"Cookies policy - Interwor","og_description":"Esta pol\u00edtica es de aplicaci\u00f3n a&nbsp;todos los usuarios de la p\u00e1gina web&nbsp;que tengan la consideraci\u00f3n de personas f\u00edsicas.&nbsp; Denominaci\u00f3n Social INTERWOR T SIC SLU (en adelante, INTERWOR) Domicilio Social Pla\u00e7a Catalunya, 21 \u2013 2\u00aa planta. 08002, Barcelona (Barcelona). CIF \/ NIF...","og_url":"https:\/\/interwor-tsic.com\/en\/cookies-policy\/","og_site_name":"Interwor","article_modified_time":"2025-10-17T09:13:02+00:00","twitter_card":"summary_large_image","twitter_misc":{"Est. reading time":"5 minutes"},"schema":{"@context":"https:\/\/schema.org","@graph":[{"@type":"WebPage","@id":"https:\/\/interwor-tsic.com\/en\/cookies-policy\/","url":"https:\/\/interwor-tsic.com\/en\/cookies-policy\/","name":"Cookies policy - Interwor","isPartOf":{"@id":"https:\/\/interwor2025.vacune.com\/#website"},"datePublished":"2025-10-17T09:05:37+00:00","dateModified":"2025-10-17T09:13:02+00:00","breadcrumb":{"@id":"https:\/\/interwor-tsic.com\/en\/cookies-policy\/#breadcrumb"},"inLanguage":"en-US","potentialAction":[{"@type":"ReadAction","target":["https:\/\/interwor-tsic.com\/en\/cookies-policy\/"]}]},{"@type":"BreadcrumbList","@id":"https:\/\/interwor-tsic.com\/en\/cookies-policy\/#breadcrumb","itemListElement":[{"@type":"ListItem","position":1,"name":"Portada","item":"https:\/\/interwor2025.vacune.com\/en\/"},{"@type":"ListItem","position":2,"name":"Cookies policy"}]},{"@type":"WebSite","@id":"https:\/\/interwor2025.vacune.com\/#website","url":"https:\/\/interwor2025.vacune.com\/","name":"Interwor","description":"Expertos en consultor\u00eda tecnol\u00f3gica","publisher":{"@id":"https:\/\/interwor2025.vacune.com\/#organization"},"potentialAction":[{"@type":"SearchAction","target":{"@type":"EntryPoint","urlTemplate":"https:\/\/interwor2025.vacune.com\/?s={search_term_string}"},"query-input":{"@type":"PropertyValueSpecification","valueRequired":true,"valueName":"search_term_string"}}],"inLanguage":"en-US"},{"@type":"Organization","@id":"https:\/\/interwor2025.vacune.com\/#organization","name":"Interwor","url":"https:\/\/interwor2025.vacune.com\/","logo":{"@type":"ImageObject","inLanguage":"en-US","@id":"https:\/\/interwor2025.vacune.com\/#\/schema\/logo\/image\/","url":"https:\/\/interwor-tsic.com\/wp-content\/uploads\/2025\/06\/logo_cabecera.svg","contentUrl":"https:\/\/interwor-tsic.com\/wp-content\/uploads\/2025\/06\/logo_cabecera.svg","width":404,"height":59,"caption":"Interwor"},"image":{"@id":"https:\/\/interwor2025.vacune.com\/#\/schema\/logo\/image\/"}}]}},"_links":{"self":[{"href":"https:\/\/interwor-tsic.com\/en\/wp-json\/wp\/v2\/pages\/23748","targetHints":{"allow":["GET"]}}],"collection":[{"href":"https:\/\/interwor-tsic.com\/en\/wp-json\/wp\/v2\/pages"}],"about":[{"href":"https:\/\/interwor-tsic.com\/en\/wp-json\/wp\/v2\/types\/page"}],"author":[{"embeddable":true,"href":"https:\/\/interwor-tsic.com\/en\/wp-json\/wp\/v2\/users\/1"}],"replies":[{"embeddable":true,"href":"https:\/\/interwor-tsic.com\/en\/wp-json\/wp\/v2\/comments?post=23748"}],"version-history":[{"count":1,"href":"https:\/\/interwor-tsic.com\/en\/wp-json\/wp\/v2\/pages\/23748\/revisions"}],"predecessor-version":[{"id":23753,"href":"https:\/\/interwor-tsic.com\/en\/wp-json\/wp\/v2\/pages\/23748\/revisions\/23753"}],"wp:attachment":[{"href":"https:\/\/interwor-tsic.com\/en\/wp-json\/wp\/v2\/media?parent=23748"}],"curies":[{"name":"wp","href":"https:\/\/api.w.org\/{rel}","templated":true}]}}