{"id":23849,"date":"2025-06-18T15:38:11","date_gmt":"2025-06-18T13:38:11","guid":{"rendered":"https:\/\/interwor-tsic.com\/politica-privacidad\/"},"modified":"2025-10-27T18:03:46","modified_gmt":"2025-10-27T17:03:46","slug":"politica-de-privadesa","status":"publish","type":"page","link":"https:\/\/interwor-tsic.com\/ca\/politica-de-privadesa\/","title":{"rendered":"Pol\u00edtica de privadesa"},"content":{"rendered":"\n<p>Aquest document constitueix la Pol\u00edtica de Privadesa que aplica a tots els tractaments<br>dades de car\u00e0cter personal que tractem sobre tu.<\/p>\n\n\n\n<p><strong>1. Qui \u00e9s el Responsable del tractament de les vostres dades?<\/strong><br>A continuaci\u00f3, us informem sobre les dades identificatives del Responsable del tractament de les vostres dades:<\/p>\n\n\n\n<figure class=\"wp-block-table\"><table class=\"has-fixed-layout\"><tbody><tr><td>Responsable del Tractament<\/td><td>INTERWOR T SIC SLU (d&#8217;ara endavant, INTERWOR)<\/td><\/tr><tr><td>NIF<\/td><td>B63950737<\/td><\/tr><tr><td>Domicili social<\/td><td>Pla\u00e7a Catalunya, 21 \u2013 2\u00aa planta. 08002, Barcelona (Barcelona).<\/td><\/tr><tr><td>Dades de contacto<\/td><td>tsic@interwor-tsic.com<\/td><\/tr><\/tbody><\/table><\/figure>\n\n\n\n<p><strong>2. Amb quina finalitat i amb quina causa de legitimaci\u00f3 es tracten les vostres dades personals?<\/strong><br>A INTERWOR tractem la informaci\u00f3 que ens faciliten els interessats per a les finalitats que s&#8217;indiquen a continuaci\u00f3, en la mesura que hi hagi una causa de legitimaci\u00f3:<\/p>\n\n\n\n<p>Art. 6.1.a). Consentiment per al tractament.<\/p>\n\n\n\n<p>\u2013\u00a0<strong>Contacte:<\/strong> facilitar-li un mitj\u00e0 perqu\u00e8 pugui posar-se en contacte amb nosaltres i atendre les sol\u00b7licituds d&#8217;informaci\u00f3. Newsletter\/ comunicacions informatives: enviament de newsletter o not\u00edcies d&#8217;inter\u00e8s per al destinatari.<br>\u2013\u00a0<strong>Esdeveniments:<\/strong> tramitar les vostres sol\u00b7licituds d&#8217;inscripci\u00f3 a esdeveniments.<br>\u2013\u00a0<strong>Ocupaci\u00f3:<\/strong> valorar el seu perfil professional amb fins d&#8217;ocupabilitat a INTERWOR.<br>\u2013\u00a0<strong>Cookies:<\/strong> aquesta informaci\u00f3 es detalla a la\u00a0\u00a0<a href=\"https:\/\/interwor-tsic.com\/politica-cookies\/\">Pol\u00edtica de Cookies<\/a>.<\/p>\n\n\n\n<p>Els menors de 14 anys han d&#8217;obtenir el perm\u00eds dels pares, tutors o representants legals amb car\u00e0cter previ a l&#8217;atorgament del consentiment.<\/p>\n\n\n\n<p>Art. 6.1.b). El compliment duna obligaci\u00f3 legal aplicable al responsable del tractament.<\/p>\n\n\n\n<p>Art. 6.1.e) El compliment duna missi\u00f3 realitzada en inter\u00e8s p\u00fablic o en lexercici de poders p\u00fablics conferits al responsable del tractament.<br>\u2013&nbsp;Estad\u00edstica: es poden donar tractaments espec\u00edfics d&#8217;anonimitzaci\u00f3 amb la finalitat que les seves dades no siguin identificables o deixin de ser-ho, de manera que no es puguin atribuir a una persona f\u00edsica sense utilitzar informaci\u00f3 complement\u00e0ria que figuri per separat.<\/p>\n\n\n\n<p>Art. 6.1.f) El tractament \u00e9s necessari per a la satisfacci\u00f3 d&#8217;interessos leg\u00edtims perseguits pel responsable.<\/p>\n\n\n\n<p>\u2013\u00a0<strong>Enquestes de satisfacci\u00f3 (qualitat):<\/strong> realitzar enquestes amb l&#8217;objectiu de con\u00e8ixer la vostra opini\u00f3 sobre l&#8217;atenci\u00f3 rebuda i que ser\u00e0 utilitzada \u00fanicament per millorar i desenvolupar els nostres serveis assistencials i de gesti\u00f3 de la qualitat.<br><strong>\u2013 Contactabilitat:<\/strong> enviament d&#8217;informaci\u00f3 de productes i\/o serveis iguals i\/o similars als ja adquirits i\/o prestats pel responsable.<br>\u2013\u00a0<strong>Xarxes socials:<\/strong> gestionar tractament de dades personals derivat de la interacci\u00f3 amb INTERWOR a trav\u00e9s de xarxes socials i\/o professionals. En cas que ens faciliteu la vostra informaci\u00f3 professional i dades de contacte a trav\u00e9s de l&#8217;acci\u00f3 un\u00edvoca d&#8217;enviar-nos el vostre CV o equivalent, les vostres dades personals seran tractades amb fins d&#8217;ocupabilitat de conformitat amb el que s&#8217;ha informat anteriorment per a aquesta finalitat.<\/p>\n\n\n\n<p><strong>3. Per quant de temps conservem les vostres dades?<\/strong><\/p>\n\n\n\n<figure class=\"wp-block-table\"><table class=\"has-fixed-layout\"><tbody><tr><td><strong>Contacte<\/strong><\/td><td>Fins que tingui lloc latenci\u00f3 de la seva sol\u00b7 licitud dinformaci\u00f3 i en tot cas, mentre no prescriguin les possibles accions legals derivades de la finalitat i del tractament.<\/td><\/tr><tr><td><strong>Newsletter<\/strong><\/td><td>Fins que causa baixa o exerciti el dret a la supressi\u00f3 i en tot cas, mentre no prescriguin les possibles accions legals derivades de la finalitat i del tractament<\/td><\/tr><tr><td><strong>Esdeveniments<\/strong><\/td><td>Fins a la finalitzaci\u00f3 de lesdeveniment i en tot cas, mentre no prescriguin les possibles accions derivades de la seva finalitat o tractament.<br>Aix\u00ed mateix, les dades de contacte podran continuar emprant-se per enviament d&#8217;informaci\u00f3 igual i\/o similar rebuda al mateix.<\/td><\/tr><tr><td><strong>Ocupaci\u00f3<\/strong><\/td><td>Durant el termini m\u00e0xim de 5 anys.<br>En cas que arribi a incorporar-se, es conservaran fins a la finalitzaci\u00f3 laboral i, en tot cas, mentre no prescriguin les possibles accions legals derivades de la finalitat i del tractament.<br>En cas que ens autoritzeu despr\u00e9s de la realitzaci\u00f3 de l&#8217;entrevista de sortida, podrem conservar les vostres dades de contacte amb fins de empleabilitat durant els 5 anys posteriors.<\/td><\/tr><tr><td><strong>Cookies<\/strong><\/td><td>Detallat a la Pol\u00edtica de cookies.<\/td><\/tr><tr><td><strong>Estad\u00edstiques<\/strong><\/td><td>Indefinidament<\/td><\/tr><tr><td><strong>Enquestes de satisfacci\u00f3<\/strong><\/td><td>Mentre sigui necessari per a manteniment de la gesti\u00f3 de la qualitat i en tot cas, mentre no  rescriguin les possibles accions legals derivades de la finalitat i del tractament<\/td><\/tr><tr><td><strong>Contactabilitat<\/strong><\/td><td>Fins que sol\u00b7liciteu el vostre dret d&#8217;oposici\u00f3 o supressi\u00f3 i, en tot cas, mentre no prescriguin les accions derivades de la seva finalitat i\/o tractament<\/td><\/tr><tr><td><strong>Xarxes socials<\/strong><\/td><td>Fins que sol\u00b7liciteu la vostra oposici\u00f3 o dret de supressi\u00f3<\/td><\/tr><\/tbody><\/table><\/figure>\n\n\n\n<p><strong>4. A quins destinataris es comunicaran les vostres dades?<\/strong><br>En concret, cedirem dades a terceres entitats com:<br>\u2013\u00a0<strong>Entitats del seu Grup empresarial (www.knowmadmood.com), per inter\u00e8s leg\u00edtim, a fi de mantenir una gesti\u00f3 integral i centralitzada de la relaci\u00f3 dels interessats.<\/strong><br>\u2013 Patrocinadors, en el cas de gesti\u00f3 d&#8217;esdeveniments, despr\u00e9s de l&#8217;obtenci\u00f3 pr\u00e8via del seu consentiment.<br>\u2013 Tercers per obligaci\u00f3 legal o requeriment judicial.<\/p>\n\n\n\n<p><strong>5. Aquestes comunicacions impliquen transfer\u00e8ncia internacional de dades personals?<\/strong><br>Per complir les finalitats indicades a la present Pol\u00edtica de Privadesa, cal que donem acc\u00e9s a les teves dades personals a entitats d&#8217;INTERWOR ia terceres parts que ens donen suport als serveis que t&#8217;oferim. T&#8217;informem que alguns casos podrem transferir les teves dades personals a pa\u00efsos ubicats fora del CEE. Tot i aix\u00f2, aquestes transfer\u00e8ncies internacionals de dades seran realitzades amb garanties adequades i sempre guardant la seguretat de les teves dades.<\/p>\n\n\n\n<p><strong>6. Quins s\u00f3n els vostres drets en mat\u00e8ria de protecci\u00f3 de dades?<\/strong><br>T&#8217;informem que tens dret a retirar el consentiment prestat en qualsevol moment. Igualment, podr\u00e0s exercitar el teu dret d&#8217;acc\u00e9s, rectificaci\u00f3, supressi\u00f3 limitaci\u00f3, oposici\u00f3 al tractament o portabilitat de dades.<\/p>\n\n\n\n<p><strong>Acc\u00e9s:<\/strong> L&#8217;interessat tindr\u00e0 dret que INTERWOR us comuniqui si s&#8217;estan tractant o no les vostres dades personals, i en cas que es confirmi el tractament, possibilitar\u00e0 l&#8217;acc\u00e9s facilitant-vos la informaci\u00f3 del tractament.<\/p>\n\n\n\n<p>Motius per exercir el dret:<br>\u2713 Confirmar si s&#8217;estan tractant o no les vostres dades personals.<br>\u2713 Comunicar les dades personals que posseeix INTERWOR.<br>\u2713 Informar del tractament efectuat amb les vostres dades.<\/p>\n\n\n\n<p><strong>Rectificaci\u00f3: <\/strong>L&#8217;interessat tindr\u00e0 dret que INTERWOR rectifiqui les dades sense demora<br>injustificada quan resultin inexactes o incomplets mitjan\u00e7ant una declaraci\u00f3 rectificativa<br>addicional.<\/p>\n\n\n\n<p>Motius per exercir el dret:<br>\u2713 Quan les dades resultin inexactes o incomplets.<\/p>\n\n\n\n<p><strong>Supressi\u00f3: <\/strong>L&#8217;interessat tindr\u00e0 dret que INTERWOR suprimeixi les vostres dades sense demora injustificada.<\/p>\n\n\n\n<p>Motius per exercir el dret:<br>\u2713 El tractament \u00e9s il\u00b7l\u00edcit.<br>\u2713 L&#8217;interessat hagi retirat el consentiment.<br>\u2713 Les dades ja no siguin necess\u00e0ries en relaci\u00f3 amb les finalitats per a les quals van ser recollides o tractades.<br>\u2713 Les dades s&#8217;hagin obtingut en relaci\u00f3 amb l&#8217;oferta de serveis de la societat de la informaci\u00f3 (e-commerce).<br>\u2713 L&#8217;interessat hagi exercit el dret d&#8217;oposici\u00f3 i no prevalguin altres motius leg\u00edtims per al tractament.<br>\u2713 Les dades s&#8217;han de suprimir per complir una obligaci\u00f3 jur\u00eddica d&#8217;INTERWOR.<\/p>\n\n\n\n<p><strong>Oposici\u00f3:<\/strong> L&#8217;interessat tindr\u00e0 dret a oposar-se al tractament de les dades realitzades per INTERWOR per motius relacionats amb la seva situaci\u00f3 particular.<\/p>\n\n\n\n<p>Motius per exercir el dret:<\/p>\n\n\n\n<p>\u2713 Mercadot\u00e8cnia directa.<br>\u2713 Serveis de la societat dinformaci\u00f3.<br>\u2713 Tractament basat en la satisfacci\u00f3 d&#8217;interessos leg\u00edtims d&#8217;INTERWOR o de tercers, sempre que aquests no prevalguin sobre els interessos o els drets i les llibertats de l&#8217;interessat, especialment si \u00e9s un menor.<br>\u2713 Elaboraci\u00f3 de perfils d&#8217;usuari.<br>\u2713 Tractaments amb finalitats de recerca hist\u00f2rica, estad\u00edstica o cient\u00edfica, llevat que el tractament sigui necessari per motius d&#8217;inter\u00e8s p\u00fablic.<\/p>\n\n\n\n<p>Limitaci\u00f3: L&#8217;interessat tindr\u00e0 dret que INTERWOR marqui les dades per tal de limitar el tractament.<\/p>\n\n\n\n<p>Motius per exercir el dret:<\/p>\n\n\n\n<p>\u2713 L&#8217;interessat impugni l&#8217;exactitud de les dades.<br>\u2713 El tractament sigui il\u00b7l\u00edcit i l&#8217;interessat s&#8217;oposi a la supressi\u00f3 de les dades i sol\u00b7liciti al seu lloc la limitaci\u00f3 del seu \u00fas.<br>\u2713 L&#8217;interessat s&#8217;hagi oposat al tractament mentre es verifica si els motius leg\u00edtims d&#8217;INTERWOR prevalen sobre els de l&#8217;interessat.<br>\u2713 INTERWOR ja no necessiti les dades per a les finalitats del tractament, per\u00f2 l&#8217;interessat les necessiti per al reconeixement, l&#8217;exercici o la defensa d&#8217;un dret en un procediment judicial.<\/p>\n\n\n\n<p>Portabilitat: L&#8217;interessat tindr\u00e0 dret que INTERWOR transmeti les dades a un altre responsable o al mateix interessat, mitjan\u00e7ant un format estructurat d&#8217;\u00fas habitual i lectura mec\u00e0nica.<\/p>\n\n\n\n<p>Motius per exercir el dret:<\/p>\n\n\n\n<p>\u2713 Quan el tractament s&#8217;efectu\u00ef per mitjans automatitzats i es base en el consentiment<br>de linteressat per a fins espec\u00edfics. L&#8217;execuci\u00f3 d&#8217;un contracte o precontracte amb el<br>interessat.<\/p>\n\n\n\n<p>Decisions automatitzades: L&#8217;interessat tindr\u00e0 dret a no ser objecte d&#8217;una elaboraci\u00f3 de perfils la finalitat dels quals sigui adoptar decisions individuals basades en un tractament automatitzat de dades.<\/p>\n\n\n\n<p>Motius per exercir el dret:<\/p>\n\n\n\n<p>\u2713 Quan la finalitat del tractament sigui adoptar decisions individuals basades en un tractament automatitzat de dades i destinades a avaluar, analitzar o predir algun dels aspectes personals seg\u00fcents:<\/p>\n\n\n\n<p>a) Rendiment professional.<br>b) Situaci\u00f3 econ\u00f2mica.<br>c) Salut.<br>d) Prefer\u00e8ncies o interessos personals.<br>e) Fiabilitat.<br>f) Comportament.<br>g) Ubicaci\u00f3 o moviments de la persona.<\/p>\n\n\n\n<p>Podeu descarregar-vos el formulari de sol\u00b7licitud clicant aquest enlla\u00e7. Podeu enviar la vostra sol\u00b7licitud a l&#8217;Adre\u00e7a del Responsable o al correu electr\u00f2nic seg\u00fcent&nbsp;tsic@interwor-tsic.com.<\/p>\n\n\n\n<p>Addicionalment, vost\u00e8 tindr\u00e0 dret a presentar una reclamaci\u00f3 a l&#8217;autoritat de control competent si considera que el tractament no s&#8217;ajusta a la normativa vigent.<\/p>\n\n\n\n<p><strong>Quines mesures de seguretat apliquem per protegir les vostres dades?<\/strong><br>INTERWOR ha adoptat totes les mesures t\u00e8cniques i organitzatives necess\u00e0ries per garantir la seguretat i la integritat de les dades de car\u00e0cter personal facilitades per l&#8217;usuari, aix\u00ed com per evitar la seva p\u00e8rdua, alteraci\u00f3 i\/o acc\u00e9s per part de tercers no autoritzats.<\/p>\n\n\n\n<p><strong>Poden donar-se modificacions a aquesta Pol\u00edtica de Privadesa?<\/strong><br>INTERWOR es reserva el dret de modificar aquesta pol\u00edtica per adaptar-la a futures novetats legislatives, doctrinals o jurisprudencials que siguin aplicables o per motius t\u00e8cnics, operatius, comercials, corporatius i de negoci, informant-lo pr\u00e8viament i raonablement dels canvis que es produeixin quan aix\u00f2 sigui possible. En tot cas, es recomana que, cada cop que accedeixi a aquesta plataforma, llegiu amb detall aquesta pol\u00edtica ja que qualsevol modificaci\u00f3 ser\u00e0 publicada a trav\u00e9s d&#8217;aquesta plataforma.<\/p>\n\n\n\n<p><strong>\u00daltima actualitzaci\u00f3: Abril de 2024<\/strong><\/p>\n","protected":false},"excerpt":{"rendered":"<p>Aquest document constitueix la Pol\u00edtica de Privadesa que aplica a tots els tractamentsdades de car\u00e0cter personal que tractem sobre tu. 1. Qui \u00e9s el Responsable del tractament de les vostres dades?A continuaci\u00f3, us informem sobre les dades identificatives del Responsable del&#8230;<\/p>\n","protected":false},"author":1,"featured_media":0,"parent":0,"menu_order":100,"comment_status":"closed","ping_status":"closed","template":"","meta":{"footnotes":""},"class_list":["post-23849","page","type-page","status-publish","hentry"],"yoast_head":"<!-- This site is optimized with the Yoast SEO plugin v27.4 - https:\/\/yoast.com\/product\/yoast-seo-wordpress\/ -->\n<title>Pol\u00edtica de privadesa - Interwor<\/title>\n<meta name=\"robots\" content=\"index, follow, max-snippet:-1, max-image-preview:large, max-video-preview:-1\" \/>\n<link rel=\"canonical\" href=\"https:\/\/interwor-tsic.com\/ca\/politica-de-privadesa\/\" \/>\n<meta property=\"og:locale\" content=\"ca_ES\" \/>\n<meta property=\"og:type\" content=\"article\" \/>\n<meta property=\"og:title\" content=\"Pol\u00edtica de privadesa - Interwor\" \/>\n<meta property=\"og:description\" content=\"Aquest document constitueix la Pol\u00edtica de Privadesa que aplica a tots els tractamentsdades de car\u00e0cter personal que tractem sobre tu. 1. Qui \u00e9s el Responsable del tractament de les vostres dades?A continuaci\u00f3, us informem sobre les dades identificatives del Responsable del...\" \/>\n<meta property=\"og:url\" content=\"https:\/\/interwor-tsic.com\/ca\/politica-de-privadesa\/\" \/>\n<meta property=\"og:site_name\" content=\"Interwor\" \/>\n<meta property=\"article:modified_time\" content=\"2025-10-27T17:03:46+00:00\" \/>\n<meta name=\"twitter:card\" content=\"summary_large_image\" \/>\n<meta name=\"twitter:label1\" content=\"Temps estimat de lectura\" \/>\n\t<meta name=\"twitter:data1\" content=\"8 minuts\" \/>\n<script type=\"application\/ld+json\" class=\"yoast-schema-graph\">{\"@context\":\"https:\\\/\\\/schema.org\",\"@graph\":[{\"@type\":\"WebPage\",\"@id\":\"https:\\\/\\\/interwor-tsic.com\\\/ca\\\/politica-de-privadesa\\\/\",\"url\":\"https:\\\/\\\/interwor-tsic.com\\\/ca\\\/politica-de-privadesa\\\/\",\"name\":\"Pol\u00edtica de privadesa - Interwor\",\"isPartOf\":{\"@id\":\"https:\\\/\\\/interwor2025.vacune.com\\\/#website\"},\"datePublished\":\"2025-06-18T13:38:11+00:00\",\"dateModified\":\"2025-10-27T17:03:46+00:00\",\"breadcrumb\":{\"@id\":\"https:\\\/\\\/interwor-tsic.com\\\/ca\\\/politica-de-privadesa\\\/#breadcrumb\"},\"inLanguage\":\"ca\",\"potentialAction\":[{\"@type\":\"ReadAction\",\"target\":[\"https:\\\/\\\/interwor-tsic.com\\\/ca\\\/politica-de-privadesa\\\/\"]}]},{\"@type\":\"BreadcrumbList\",\"@id\":\"https:\\\/\\\/interwor-tsic.com\\\/ca\\\/politica-de-privadesa\\\/#breadcrumb\",\"itemListElement\":[{\"@type\":\"ListItem\",\"position\":1,\"name\":\"Portada\",\"item\":\"https:\\\/\\\/interwor2025.vacune.com\\\/ca\\\/\"},{\"@type\":\"ListItem\",\"position\":2,\"name\":\"Pol\u00edtica de privadesa\"}]},{\"@type\":\"WebSite\",\"@id\":\"https:\\\/\\\/interwor2025.vacune.com\\\/#website\",\"url\":\"https:\\\/\\\/interwor2025.vacune.com\\\/\",\"name\":\"Interwor\",\"description\":\"Expertos en consultor\u00eda tecnol\u00f3gica\",\"publisher\":{\"@id\":\"https:\\\/\\\/interwor2025.vacune.com\\\/#organization\"},\"potentialAction\":[{\"@type\":\"SearchAction\",\"target\":{\"@type\":\"EntryPoint\",\"urlTemplate\":\"https:\\\/\\\/interwor2025.vacune.com\\\/?s={search_term_string}\"},\"query-input\":{\"@type\":\"PropertyValueSpecification\",\"valueRequired\":true,\"valueName\":\"search_term_string\"}}],\"inLanguage\":\"ca\"},{\"@type\":\"Organization\",\"@id\":\"https:\\\/\\\/interwor2025.vacune.com\\\/#organization\",\"name\":\"Interwor\",\"url\":\"https:\\\/\\\/interwor2025.vacune.com\\\/\",\"logo\":{\"@type\":\"ImageObject\",\"inLanguage\":\"ca\",\"@id\":\"https:\\\/\\\/interwor2025.vacune.com\\\/#\\\/schema\\\/logo\\\/image\\\/\",\"url\":\"https:\\\/\\\/interwor-tsic.com\\\/wp-content\\\/uploads\\\/2025\\\/06\\\/logo_cabecera.svg\",\"contentUrl\":\"https:\\\/\\\/interwor-tsic.com\\\/wp-content\\\/uploads\\\/2025\\\/06\\\/logo_cabecera.svg\",\"width\":404,\"height\":59,\"caption\":\"Interwor\"},\"image\":{\"@id\":\"https:\\\/\\\/interwor2025.vacune.com\\\/#\\\/schema\\\/logo\\\/image\\\/\"}}]}<\/script>\n<!-- \/ Yoast SEO plugin. -->","yoast_head_json":{"title":"Pol\u00edtica de privadesa - Interwor","robots":{"index":"index","follow":"follow","max-snippet":"max-snippet:-1","max-image-preview":"max-image-preview:large","max-video-preview":"max-video-preview:-1"},"canonical":"https:\/\/interwor-tsic.com\/ca\/politica-de-privadesa\/","og_locale":"ca_ES","og_type":"article","og_title":"Pol\u00edtica de privadesa - Interwor","og_description":"Aquest document constitueix la Pol\u00edtica de Privadesa que aplica a tots els tractamentsdades de car\u00e0cter personal que tractem sobre tu. 1. Qui \u00e9s el Responsable del tractament de les vostres dades?A continuaci\u00f3, us informem sobre les dades identificatives del Responsable del...","og_url":"https:\/\/interwor-tsic.com\/ca\/politica-de-privadesa\/","og_site_name":"Interwor","article_modified_time":"2025-10-27T17:03:46+00:00","twitter_card":"summary_large_image","twitter_misc":{"Temps estimat de lectura":"8 minuts"},"schema":{"@context":"https:\/\/schema.org","@graph":[{"@type":"WebPage","@id":"https:\/\/interwor-tsic.com\/ca\/politica-de-privadesa\/","url":"https:\/\/interwor-tsic.com\/ca\/politica-de-privadesa\/","name":"Pol\u00edtica de privadesa - Interwor","isPartOf":{"@id":"https:\/\/interwor2025.vacune.com\/#website"},"datePublished":"2025-06-18T13:38:11+00:00","dateModified":"2025-10-27T17:03:46+00:00","breadcrumb":{"@id":"https:\/\/interwor-tsic.com\/ca\/politica-de-privadesa\/#breadcrumb"},"inLanguage":"ca","potentialAction":[{"@type":"ReadAction","target":["https:\/\/interwor-tsic.com\/ca\/politica-de-privadesa\/"]}]},{"@type":"BreadcrumbList","@id":"https:\/\/interwor-tsic.com\/ca\/politica-de-privadesa\/#breadcrumb","itemListElement":[{"@type":"ListItem","position":1,"name":"Portada","item":"https:\/\/interwor2025.vacune.com\/ca\/"},{"@type":"ListItem","position":2,"name":"Pol\u00edtica de privadesa"}]},{"@type":"WebSite","@id":"https:\/\/interwor2025.vacune.com\/#website","url":"https:\/\/interwor2025.vacune.com\/","name":"Interwor","description":"Expertos en consultor\u00eda tecnol\u00f3gica","publisher":{"@id":"https:\/\/interwor2025.vacune.com\/#organization"},"potentialAction":[{"@type":"SearchAction","target":{"@type":"EntryPoint","urlTemplate":"https:\/\/interwor2025.vacune.com\/?s={search_term_string}"},"query-input":{"@type":"PropertyValueSpecification","valueRequired":true,"valueName":"search_term_string"}}],"inLanguage":"ca"},{"@type":"Organization","@id":"https:\/\/interwor2025.vacune.com\/#organization","name":"Interwor","url":"https:\/\/interwor2025.vacune.com\/","logo":{"@type":"ImageObject","inLanguage":"ca","@id":"https:\/\/interwor2025.vacune.com\/#\/schema\/logo\/image\/","url":"https:\/\/interwor-tsic.com\/wp-content\/uploads\/2025\/06\/logo_cabecera.svg","contentUrl":"https:\/\/interwor-tsic.com\/wp-content\/uploads\/2025\/06\/logo_cabecera.svg","width":404,"height":59,"caption":"Interwor"},"image":{"@id":"https:\/\/interwor2025.vacune.com\/#\/schema\/logo\/image\/"}}]}},"_links":{"self":[{"href":"https:\/\/interwor-tsic.com\/ca\/wp-json\/wp\/v2\/pages\/23849","targetHints":{"allow":["GET"]}}],"collection":[{"href":"https:\/\/interwor-tsic.com\/ca\/wp-json\/wp\/v2\/pages"}],"about":[{"href":"https:\/\/interwor-tsic.com\/ca\/wp-json\/wp\/v2\/types\/page"}],"author":[{"embeddable":true,"href":"https:\/\/interwor-tsic.com\/ca\/wp-json\/wp\/v2\/users\/1"}],"replies":[{"embeddable":true,"href":"https:\/\/interwor-tsic.com\/ca\/wp-json\/wp\/v2\/comments?post=23849"}],"version-history":[{"count":1,"href":"https:\/\/interwor-tsic.com\/ca\/wp-json\/wp\/v2\/pages\/23849\/revisions"}],"predecessor-version":[{"id":23851,"href":"https:\/\/interwor-tsic.com\/ca\/wp-json\/wp\/v2\/pages\/23849\/revisions\/23851"}],"wp:attachment":[{"href":"https:\/\/interwor-tsic.com\/ca\/wp-json\/wp\/v2\/media?parent=23849"}],"curies":[{"name":"wp","href":"https:\/\/api.w.org\/{rel}","templated":true}]}}