{"id":23848,"date":"2024-01-18T20:51:09","date_gmt":"2024-01-18T18:51:09","guid":{"rendered":"https:\/\/interwor-tsic.com\/blog\/"},"modified":"2024-01-18T20:51:09","modified_gmt":"2024-01-18T18:51:09","slug":"blog","status":"publish","type":"page","link":"https:\/\/interwor-tsic.com\/ca\/blog\/","title":{"rendered":"Blog"},"content":{"rendered":"\t\t<div data-elementor-type=\"wp-page\" data-elementor-id=\"23848\" class=\"elementor elementor-23848 elementor-713\" data-elementor-post-type=\"page\">\n\t\t\t\t\t\t<section class=\"elementor-section elementor-top-section elementor-element elementor-element-1a286ea elementor-section-boxed elementor-section-height-default elementor-section-height-default\" data-id=\"1a286ea\" data-element_type=\"section\" data-e-type=\"section\">\n\t\t\t\t\t\t<div class=\"elementor-container elementor-column-gap-default\">\n\t\t\t\t\t<div class=\"elementor-column elementor-col-100 elementor-top-column elementor-element elementor-element-de7b8fe\" data-id=\"de7b8fe\" data-element_type=\"column\" data-e-type=\"column\">\n\t\t\t<div class=\"elementor-widget-wrap elementor-element-populated\">\n\t\t\t\t\t\t<div class=\"elementor-element elementor-element-e20412e listing-pagination-border-style-gradient listing-pagination-background-style-solid elementor-widget elementor-widget-neuros_blog_listing\" data-id=\"e20412e\" data-element_type=\"widget\" data-e-type=\"widget\" data-widget_type=\"neuros_blog_listing.default\">\n\t\t\t\t<div class=\"elementor-widget-container\">\n\t\t\t\t\t\n        <div class=\"archive-listing\" data-ajax='{&quot;post_type&quot;:&quot;post&quot;,&quot;post_status&quot;:&quot;publish&quot;,&quot;posts_per_page&quot;:9,&quot;offset&quot;:false,&quot;orderby&quot;:&quot;date&quot;,&quot;order&quot;:&quot;desc&quot;,&quot;paged&quot;:1,&quot;category_name&quot;:&quot;&quot;,&quot;tag&quot;:&quot;&quot;,&quot;post__in&quot;:&quot;&quot;,&quot;ignore_sticky_posts&quot;:false,&quot;link_base&quot;:&quot;https:\\\/\\\/interwor-tsic.com\\\/ca\\\/wp-json\\\/wp\\\/v2\\\/pages\\\/23848\\\/&quot;}' data-widget='{&quot;listing_type&quot;:&quot;grid&quot;,&quot;excerpt_length&quot;:400,&quot;show_cat&quot;:&quot;&quot;,&quot;show_media&quot;:&quot;yes&quot;,&quot;show_author&quot;:&quot;&quot;,&quot;show_date&quot;:&quot;&quot;,&quot;show_title&quot;:&quot;yes&quot;,&quot;show_tags&quot;:&quot;&quot;,&quot;show_excerpt&quot;:&quot;yes&quot;,&quot;show_read_more&quot;:&quot;&quot;,&quot;read_more_text&quot;:&quot;Read More&quot;,&quot;columns_number&quot;:2,&quot;show_pagination&quot;:&quot;yes&quot;,&quot;item_class&quot;:&quot;post grid-item grid-blog-item-wrapper&quot;}'>\n            <div class=\"archive-listing-wrapper grid-listing columns-2\">\n                \n<div class=\"standard-blog-item-wrapper post grid-item grid-blog-item-wrapper post-23779 type-post status-publish format-standard hentry category-sin-categoria\">\n    <div class=\"blog-item\">\n        <h3 class=\"post-title\"><a href=\"https:\/\/interwor-tsic.com\/ca\/ciberseguridad-proactiva-mdr-xdr\/\">Ciberseguretat proactiva: com passar de la reacci\u00f3 a la prevenci\u00f3<\/a><\/h3><div class=\"post-content\">Pasa de reaccionar a prevenir: del SOC basado en SIEM al MDR con XDR que detecta y responde 24x7, reduce tiempos y corta la cadena de ataque.<\/div>    <\/div>\n<\/div>\n<div class=\"standard-blog-item-wrapper post grid-item grid-blog-item-wrapper post-23782 type-post status-publish format-standard hentry category-sin-categoria\">\n    <div class=\"blog-item\">\n        <h3 class=\"post-title\"><a href=\"https:\/\/interwor-tsic.com\/ca\/zero-trust-en-infraestructuras-criticas-por-que-el-modelo-de-confianza-cero-es-clave-para-la-ciberseguridad-ot-e-industrial\/\">Zero Trust en infraestructures cr\u00edtiques: Per qu\u00e8 el model de confian\u00e7a zero \u00e9s clau per a la ciberseguretat OT i industrial<\/a><\/h3><div class=\"post-content\">En la actualidad, las infraestructuras cr\u00edticas enfrentan un panorama de amenazas cibern\u00e9ticas cada vez m\u00e1s sofisticadas. Sectores como la energ\u00eda, el transporte o el agua, esenciales para el funcionamiento de la sociedad, dependen en gran medida de sistemas de tecnolog\u00eda operativa (OT) que, al estar cada vez m\u00e1s interconectados con redes IT, aumentan de forma exponencial su superficie de at<\/div>    <\/div>\n<\/div>\n<div class=\"standard-blog-item-wrapper post grid-item grid-blog-item-wrapper post-23785 type-post status-publish format-standard hentry category-sin-categoria\">\n    <div class=\"blog-item\">\n        <h3 class=\"post-title\"><a href=\"https:\/\/interwor-tsic.com\/ca\/inteligencia-artificial-y-datos-una-relacion-simbiotica\/\">Intel\u00b7lig\u00e8ncia Artificial i Dades: Una relaci\u00f3 simbi\u00f2tica<\/a><\/h3><div class=\"post-content\">Explore la fascinante relaci\u00f3n entre la Inteligencia Artificial (IA) y los datos, y c\u00f3mo esta dupla est\u00e1 revolucionando diversos sectores, desde la medicina hasta las finanzas. Descubra c\u00f3mo la calidad y la disponibilidad de los datos impactan directamente en el \u00e9xito de los modelos de IA, impulsando la innovaci\u00f3n y la eficiencia. <\/div>    <\/div>\n<\/div>\n<div class=\"standard-blog-item-wrapper post grid-item grid-blog-item-wrapper post-23789 type-post status-publish format-standard hentry category-sin-categoria\">\n    <div class=\"blog-item\">\n        <h3 class=\"post-title\"><a href=\"https:\/\/interwor-tsic.com\/ca\/el-lado-oscuro-de-la-informacion-darkdata-en-las-empresas\/\">El Lado Oscuro de la Informaci\u00f3n: Darkdata en las empresas<\/a><\/h3><div class=\"post-content\">En la era de la informaci\u00f3n, las empresas se enfrentan a una paradoja: mientras acumulan\ncantidades ingentes de datos, una gran parte de ellos permanece sin explotar. Este \"lado\noscuro\" de la informaci\u00f3n, conocido como Dark Data, representa un desaf\u00edo y una oportunidad\npara las organizaciones.<\/div>    <\/div>\n<\/div>            <\/div>\n\n                    <\/div>\n        \t\t\t\t<\/div>\n\t\t\t\t<\/div>\n\t\t\t\t\t<\/div>\n\t\t<\/div>\n\t\t\t\t\t<\/div>\n\t\t<\/section>\n\t\t\t\t<\/div>\n\t\t","protected":false},"excerpt":{"rendered":"","protected":false},"author":1,"featured_media":0,"parent":0,"menu_order":4,"comment_status":"closed","ping_status":"closed","template":"","meta":{"footnotes":""},"class_list":["post-23848","page","type-page","status-publish","hentry"],"yoast_head":"<!-- This site is optimized with the Yoast SEO plugin v27.4 - https:\/\/yoast.com\/product\/yoast-seo-wordpress\/ -->\n<title>Blog - Interwor<\/title>\n<meta name=\"robots\" content=\"index, follow, max-snippet:-1, max-image-preview:large, max-video-preview:-1\" \/>\n<link rel=\"canonical\" href=\"https:\/\/interwor-tsic.com\/ca\/blog\/\" \/>\n<meta property=\"og:locale\" content=\"ca_ES\" \/>\n<meta property=\"og:type\" content=\"article\" \/>\n<meta property=\"og:title\" content=\"Blog - Interwor\" \/>\n<meta property=\"og:url\" content=\"https:\/\/interwor-tsic.com\/ca\/blog\/\" \/>\n<meta property=\"og:site_name\" content=\"Interwor\" \/>\n<meta name=\"twitter:card\" content=\"summary_large_image\" \/>\n<script type=\"application\/ld+json\" class=\"yoast-schema-graph\">{\"@context\":\"https:\\\/\\\/schema.org\",\"@graph\":[{\"@type\":\"WebPage\",\"@id\":\"https:\\\/\\\/interwor-tsic.com\\\/ca\\\/blog\\\/\",\"url\":\"https:\\\/\\\/interwor-tsic.com\\\/ca\\\/blog\\\/\",\"name\":\"Blog - Interwor\",\"isPartOf\":{\"@id\":\"https:\\\/\\\/interwor2025.vacune.com\\\/#website\"},\"datePublished\":\"2024-01-18T18:51:09+00:00\",\"breadcrumb\":{\"@id\":\"https:\\\/\\\/interwor-tsic.com\\\/ca\\\/blog\\\/#breadcrumb\"},\"inLanguage\":\"ca\",\"potentialAction\":[{\"@type\":\"ReadAction\",\"target\":[\"https:\\\/\\\/interwor-tsic.com\\\/ca\\\/blog\\\/\"]}]},{\"@type\":\"BreadcrumbList\",\"@id\":\"https:\\\/\\\/interwor-tsic.com\\\/ca\\\/blog\\\/#breadcrumb\",\"itemListElement\":[{\"@type\":\"ListItem\",\"position\":1,\"name\":\"Portada\",\"item\":\"https:\\\/\\\/interwor2025.vacune.com\\\/ca\\\/\"},{\"@type\":\"ListItem\",\"position\":2,\"name\":\"Blog\"}]},{\"@type\":\"WebSite\",\"@id\":\"https:\\\/\\\/interwor2025.vacune.com\\\/#website\",\"url\":\"https:\\\/\\\/interwor2025.vacune.com\\\/\",\"name\":\"Interwor\",\"description\":\"Expertos en consultor\u00eda tecnol\u00f3gica\",\"publisher\":{\"@id\":\"https:\\\/\\\/interwor2025.vacune.com\\\/#organization\"},\"potentialAction\":[{\"@type\":\"SearchAction\",\"target\":{\"@type\":\"EntryPoint\",\"urlTemplate\":\"https:\\\/\\\/interwor2025.vacune.com\\\/?s={search_term_string}\"},\"query-input\":{\"@type\":\"PropertyValueSpecification\",\"valueRequired\":true,\"valueName\":\"search_term_string\"}}],\"inLanguage\":\"ca\"},{\"@type\":\"Organization\",\"@id\":\"https:\\\/\\\/interwor2025.vacune.com\\\/#organization\",\"name\":\"Interwor\",\"url\":\"https:\\\/\\\/interwor2025.vacune.com\\\/\",\"logo\":{\"@type\":\"ImageObject\",\"inLanguage\":\"ca\",\"@id\":\"https:\\\/\\\/interwor2025.vacune.com\\\/#\\\/schema\\\/logo\\\/image\\\/\",\"url\":\"https:\\\/\\\/interwor-tsic.com\\\/wp-content\\\/uploads\\\/2025\\\/06\\\/logo_cabecera.svg\",\"contentUrl\":\"https:\\\/\\\/interwor-tsic.com\\\/wp-content\\\/uploads\\\/2025\\\/06\\\/logo_cabecera.svg\",\"width\":404,\"height\":59,\"caption\":\"Interwor\"},\"image\":{\"@id\":\"https:\\\/\\\/interwor2025.vacune.com\\\/#\\\/schema\\\/logo\\\/image\\\/\"}}]}<\/script>\n<!-- \/ Yoast SEO plugin. -->","yoast_head_json":{"title":"Blog - Interwor","robots":{"index":"index","follow":"follow","max-snippet":"max-snippet:-1","max-image-preview":"max-image-preview:large","max-video-preview":"max-video-preview:-1"},"canonical":"https:\/\/interwor-tsic.com\/ca\/blog\/","og_locale":"ca_ES","og_type":"article","og_title":"Blog - Interwor","og_url":"https:\/\/interwor-tsic.com\/ca\/blog\/","og_site_name":"Interwor","twitter_card":"summary_large_image","schema":{"@context":"https:\/\/schema.org","@graph":[{"@type":"WebPage","@id":"https:\/\/interwor-tsic.com\/ca\/blog\/","url":"https:\/\/interwor-tsic.com\/ca\/blog\/","name":"Blog - Interwor","isPartOf":{"@id":"https:\/\/interwor2025.vacune.com\/#website"},"datePublished":"2024-01-18T18:51:09+00:00","breadcrumb":{"@id":"https:\/\/interwor-tsic.com\/ca\/blog\/#breadcrumb"},"inLanguage":"ca","potentialAction":[{"@type":"ReadAction","target":["https:\/\/interwor-tsic.com\/ca\/blog\/"]}]},{"@type":"BreadcrumbList","@id":"https:\/\/interwor-tsic.com\/ca\/blog\/#breadcrumb","itemListElement":[{"@type":"ListItem","position":1,"name":"Portada","item":"https:\/\/interwor2025.vacune.com\/ca\/"},{"@type":"ListItem","position":2,"name":"Blog"}]},{"@type":"WebSite","@id":"https:\/\/interwor2025.vacune.com\/#website","url":"https:\/\/interwor2025.vacune.com\/","name":"Interwor","description":"Expertos en consultor\u00eda tecnol\u00f3gica","publisher":{"@id":"https:\/\/interwor2025.vacune.com\/#organization"},"potentialAction":[{"@type":"SearchAction","target":{"@type":"EntryPoint","urlTemplate":"https:\/\/interwor2025.vacune.com\/?s={search_term_string}"},"query-input":{"@type":"PropertyValueSpecification","valueRequired":true,"valueName":"search_term_string"}}],"inLanguage":"ca"},{"@type":"Organization","@id":"https:\/\/interwor2025.vacune.com\/#organization","name":"Interwor","url":"https:\/\/interwor2025.vacune.com\/","logo":{"@type":"ImageObject","inLanguage":"ca","@id":"https:\/\/interwor2025.vacune.com\/#\/schema\/logo\/image\/","url":"https:\/\/interwor-tsic.com\/wp-content\/uploads\/2025\/06\/logo_cabecera.svg","contentUrl":"https:\/\/interwor-tsic.com\/wp-content\/uploads\/2025\/06\/logo_cabecera.svg","width":404,"height":59,"caption":"Interwor"},"image":{"@id":"https:\/\/interwor2025.vacune.com\/#\/schema\/logo\/image\/"}}]}},"_links":{"self":[{"href":"https:\/\/interwor-tsic.com\/ca\/wp-json\/wp\/v2\/pages\/23848","targetHints":{"allow":["GET"]}}],"collection":[{"href":"https:\/\/interwor-tsic.com\/ca\/wp-json\/wp\/v2\/pages"}],"about":[{"href":"https:\/\/interwor-tsic.com\/ca\/wp-json\/wp\/v2\/types\/page"}],"author":[{"embeddable":true,"href":"https:\/\/interwor-tsic.com\/ca\/wp-json\/wp\/v2\/users\/1"}],"replies":[{"embeddable":true,"href":"https:\/\/interwor-tsic.com\/ca\/wp-json\/wp\/v2\/comments?post=23848"}],"version-history":[{"count":0,"href":"https:\/\/interwor-tsic.com\/ca\/wp-json\/wp\/v2\/pages\/23848\/revisions"}],"wp:attachment":[{"href":"https:\/\/interwor-tsic.com\/ca\/wp-json\/wp\/v2\/media?parent=23848"}],"curies":[{"name":"wp","href":"https:\/\/api.w.org\/{rel}","templated":true}]}}