{"id":23842,"date":"2025-10-17T11:04:53","date_gmt":"2025-10-17T09:04:53","guid":{"rendered":"https:\/\/interwor-tsic.com\/politica-de-seguridad\/"},"modified":"2025-10-27T18:46:56","modified_gmt":"2025-10-27T17:46:56","slug":"politica-de-seguridad","status":"publish","type":"page","link":"https:\/\/interwor-tsic.com\/ca\/politica-de-seguridad\/","title":{"rendered":"Pol\u00edtica de seguretat"},"content":{"rendered":"\n<p>I<strong>NTERWOR TSIC, <\/strong>empresa dedicada a la<strong> consultoria, integraci\u00f3, i manteniment de solucions d&#8217;infraestructura de sistemes, comunicacions, i ciberseguretat, <\/strong>ha decidit implantar un Sistema de Gesti\u00f3 de la Seguretat de la Informaci\u00f3 basat en la norma ISO 27001 amb l&#8217;objectiu de preservar la confidencialitat, integritat i disponibilitat de la informaci\u00f3, protegir a la l\u00ednies de negoci, minimitzar els danys i maximitzar el retorn de les inversions i les oportunitats de negoci i la millora cont\u00ednua.<\/p>\n\n\n\n<p>La Direcci\u00f3 d&#8217;INTERWOR TSIC \u00e9s conscient que la informaci\u00f3 \u00e9s un actiu que t\u00e9 un valor elevat per a l&#8217;Organitzaci\u00f3 i requereix, per tant, una protecci\u00f3 adequada.<\/p>\n\n\n\n<p>La Direcci\u00f3 d&#8217;INTERWOR TSIC estableix com a objectius de base, punt de partida i suport dels objectius i principis de la seguretat de la informaci\u00f3 els seg\u00fcents:<\/p>\n\n\n\n<ul class=\"wp-block-list\" class=\"wp-block-list\">\n<li>La protecci\u00f3 de les dades de car\u00e0cter personal i la intimitat de les persones.<\/li>\n\n\n\n<li>La salvaguarda dels registres de lorganitzaci\u00f3.<\/li>\n\n\n\n<li>La protecci\u00f3 dels drets de propietat intel\u00b7lectual.<\/li>\n\n\n\n<li>La documentaci\u00f3 de la pol\u00edtica de seguretat de la informaci\u00f3.<\/li>\n\n\n\n<li>L&#8217;assignaci\u00f3 de responsabilitats de seguretat.<\/li>\n\n\n\n<li>La formaci\u00f3 i capacitaci\u00f3 per a la seguretat de la informaci\u00f3.<\/li>\n\n\n\n<li>El registre de les incid\u00e8ncies de seguretat.<\/li>\n\n\n\n<li>La gesti\u00f3 de la continu\u00eftat del negoci.<\/li>\n\n\n\n<li>La gesti\u00f3 dels canvis que poguessin donar-se a INTERWOR TSIC relatius a la seguretat<\/li>\n<\/ul>\n\n\n\n<p>La Direcci\u00f3 d&#8217;INTERWOR TSIC, mitjan\u00e7ant l&#8217;elaboraci\u00f3 i la implantaci\u00f3 del present Sistema de Gesti\u00f3 de Seguretat de la Informaci\u00f3 adquireix els compromisos seg\u00fcents:<\/p>\n\n\n\n<ul class=\"wp-block-list\" class=\"wp-block-list\">\n<li>Desenvolupar solucions i serveis d&#8217;acord amb els requisits legislatius, identificant les legislacions d&#8217;aplicaci\u00f3 a les l\u00ednies de negoci desenvolupades per l&#8217;organitzaci\u00f3 i incloses a l&#8217;abast del Sistema de Gesti\u00f3 de la Seguretat de la Informaci\u00f3.<\/li>\n\n\n\n<li>Establiment i compliment dels requisits contractuals amb les parts interessades.<\/li>\n\n\n\n<li>Definir els requisits de formaci\u00f3 en seguretat i proporcionar la formaci\u00f3 necess\u00e0ria en aquesta mat\u00e8ria a les parts interessades, mitjan\u00e7ant lestabliment de plans de formaci\u00f3.<\/li>\n\n\n\n<li>Prevenci\u00f3 i detecci\u00f3 de virus i altres programaris malici\u00f3s, mitjan\u00e7ant el desenvolupament de pol\u00edtiques espec\u00edfiques i l&#8217;establiment acords contractuals amb organitzacions especialitzades.<\/li>\n\n\n\n<li>Gesti\u00f3 de la continu\u00eftat del negoci, desenvolupant plans de continu\u00eftat conformes a metodologies de reconegut prestigi internacional.<\/li>\n\n\n\n<li>Establiment de les conseq\u00fc\u00e8ncies de les violacions de la pol\u00edtica de seguretat, les quals seran reflectides als contractes signats amb les parts interessades, prove\u00efdors i subcontractes.<\/li>\n\n\n\n<li>Actuar en tot moment dins la m\u00e9s estricta \u00e8tica professional.<\/li>\n<\/ul>\n\n\n\n<p>Aquesta Pol\u00edtica proporciona el marc de refer\u00e8ncia per a la millora cont\u00ednua del Sistema de Gesti\u00f3 de Seguretat de la Informaci\u00f3 aix\u00ed com per establir i revisar els objectius del Sistema de Gesti\u00f3 de Seguretat de la Informaci\u00f3, i \u00e9s comunicada a tota l&#8217;Organitzaci\u00f3 a trav\u00e9s de la intranet de l&#8217;organitzaci\u00f3 i la seva publicaci\u00f3 en panells informatius.<\/p>\n\n\n\n<p><em>Comit\u00e8 de Direcci\u00f3<\/em><\/p>\n\n\n\n<p><em>Barcelona, \u200b\u200b13 de juny de 2023<\/em><\/p>\n","protected":false},"excerpt":{"rendered":"<p>INTERWOR TSIC, empresa dedicada a la consultoria, integraci\u00f3, i manteniment de solucions d&#8217;infraestructura de sistemes, comunicacions, i ciberseguretat, ha decidit implantar un Sistema de Gesti\u00f3 de la Seguretat de la Informaci\u00f3 basat en la norma ISO 27001 amb l&#8217;objectiu de preservar&#8230;<\/p>\n","protected":false},"author":1,"featured_media":0,"parent":0,"menu_order":0,"comment_status":"closed","ping_status":"closed","template":"","meta":{"footnotes":""},"class_list":["post-23842","page","type-page","status-publish","hentry"],"yoast_head":"<!-- This site is optimized with the Yoast SEO plugin v27.4 - https:\/\/yoast.com\/product\/yoast-seo-wordpress\/ -->\n<title>Pol\u00edtica de seguretat - Interwor<\/title>\n<meta name=\"robots\" content=\"index, follow, max-snippet:-1, max-image-preview:large, max-video-preview:-1\" \/>\n<link rel=\"canonical\" href=\"https:\/\/interwor-tsic.com\/ca\/politica-de-seguridad\/\" \/>\n<meta property=\"og:locale\" content=\"ca_ES\" \/>\n<meta property=\"og:type\" content=\"article\" \/>\n<meta property=\"og:title\" content=\"Pol\u00edtica de seguretat - Interwor\" \/>\n<meta property=\"og:description\" content=\"INTERWOR TSIC, empresa dedicada a la consultoria, integraci\u00f3, i manteniment de solucions d&#8217;infraestructura de sistemes, comunicacions, i ciberseguretat, ha decidit implantar un Sistema de Gesti\u00f3 de la Seguretat de la Informaci\u00f3 basat en la norma ISO 27001 amb l&#8217;objectiu de preservar...\" \/>\n<meta property=\"og:url\" content=\"https:\/\/interwor-tsic.com\/ca\/politica-de-seguridad\/\" \/>\n<meta property=\"og:site_name\" content=\"Interwor\" \/>\n<meta property=\"article:modified_time\" content=\"2025-10-27T17:46:56+00:00\" \/>\n<meta name=\"twitter:card\" content=\"summary_large_image\" \/>\n<meta name=\"twitter:label1\" content=\"Temps estimat de lectura\" \/>\n\t<meta name=\"twitter:data1\" content=\"3 minuts\" \/>\n<script type=\"application\/ld+json\" class=\"yoast-schema-graph\">{\"@context\":\"https:\\\/\\\/schema.org\",\"@graph\":[{\"@type\":\"WebPage\",\"@id\":\"https:\\\/\\\/interwor-tsic.com\\\/ca\\\/politica-de-seguridad\\\/\",\"url\":\"https:\\\/\\\/interwor-tsic.com\\\/ca\\\/politica-de-seguridad\\\/\",\"name\":\"Pol\u00edtica de seguretat - Interwor\",\"isPartOf\":{\"@id\":\"https:\\\/\\\/interwor2025.vacune.com\\\/#website\"},\"datePublished\":\"2025-10-17T09:04:53+00:00\",\"dateModified\":\"2025-10-27T17:46:56+00:00\",\"breadcrumb\":{\"@id\":\"https:\\\/\\\/interwor-tsic.com\\\/ca\\\/politica-de-seguridad\\\/#breadcrumb\"},\"inLanguage\":\"ca\",\"potentialAction\":[{\"@type\":\"ReadAction\",\"target\":[\"https:\\\/\\\/interwor-tsic.com\\\/ca\\\/politica-de-seguridad\\\/\"]}]},{\"@type\":\"BreadcrumbList\",\"@id\":\"https:\\\/\\\/interwor-tsic.com\\\/ca\\\/politica-de-seguridad\\\/#breadcrumb\",\"itemListElement\":[{\"@type\":\"ListItem\",\"position\":1,\"name\":\"Portada\",\"item\":\"https:\\\/\\\/interwor2025.vacune.com\\\/ca\\\/\"},{\"@type\":\"ListItem\",\"position\":2,\"name\":\"Pol\u00edtica de seguretat\"}]},{\"@type\":\"WebSite\",\"@id\":\"https:\\\/\\\/interwor2025.vacune.com\\\/#website\",\"url\":\"https:\\\/\\\/interwor2025.vacune.com\\\/\",\"name\":\"Interwor\",\"description\":\"Expertos en consultor\u00eda tecnol\u00f3gica\",\"publisher\":{\"@id\":\"https:\\\/\\\/interwor2025.vacune.com\\\/#organization\"},\"potentialAction\":[{\"@type\":\"SearchAction\",\"target\":{\"@type\":\"EntryPoint\",\"urlTemplate\":\"https:\\\/\\\/interwor2025.vacune.com\\\/?s={search_term_string}\"},\"query-input\":{\"@type\":\"PropertyValueSpecification\",\"valueRequired\":true,\"valueName\":\"search_term_string\"}}],\"inLanguage\":\"ca\"},{\"@type\":\"Organization\",\"@id\":\"https:\\\/\\\/interwor2025.vacune.com\\\/#organization\",\"name\":\"Interwor\",\"url\":\"https:\\\/\\\/interwor2025.vacune.com\\\/\",\"logo\":{\"@type\":\"ImageObject\",\"inLanguage\":\"ca\",\"@id\":\"https:\\\/\\\/interwor2025.vacune.com\\\/#\\\/schema\\\/logo\\\/image\\\/\",\"url\":\"https:\\\/\\\/interwor-tsic.com\\\/wp-content\\\/uploads\\\/2025\\\/06\\\/logo_cabecera.svg\",\"contentUrl\":\"https:\\\/\\\/interwor-tsic.com\\\/wp-content\\\/uploads\\\/2025\\\/06\\\/logo_cabecera.svg\",\"width\":404,\"height\":59,\"caption\":\"Interwor\"},\"image\":{\"@id\":\"https:\\\/\\\/interwor2025.vacune.com\\\/#\\\/schema\\\/logo\\\/image\\\/\"}}]}<\/script>\n<!-- \/ Yoast SEO plugin. -->","yoast_head_json":{"title":"Pol\u00edtica de seguretat - Interwor","robots":{"index":"index","follow":"follow","max-snippet":"max-snippet:-1","max-image-preview":"max-image-preview:large","max-video-preview":"max-video-preview:-1"},"canonical":"https:\/\/interwor-tsic.com\/ca\/politica-de-seguridad\/","og_locale":"ca_ES","og_type":"article","og_title":"Pol\u00edtica de seguretat - Interwor","og_description":"INTERWOR TSIC, empresa dedicada a la consultoria, integraci\u00f3, i manteniment de solucions d&#8217;infraestructura de sistemes, comunicacions, i ciberseguretat, ha decidit implantar un Sistema de Gesti\u00f3 de la Seguretat de la Informaci\u00f3 basat en la norma ISO 27001 amb l&#8217;objectiu de preservar...","og_url":"https:\/\/interwor-tsic.com\/ca\/politica-de-seguridad\/","og_site_name":"Interwor","article_modified_time":"2025-10-27T17:46:56+00:00","twitter_card":"summary_large_image","twitter_misc":{"Temps estimat de lectura":"3 minuts"},"schema":{"@context":"https:\/\/schema.org","@graph":[{"@type":"WebPage","@id":"https:\/\/interwor-tsic.com\/ca\/politica-de-seguridad\/","url":"https:\/\/interwor-tsic.com\/ca\/politica-de-seguridad\/","name":"Pol\u00edtica de seguretat - Interwor","isPartOf":{"@id":"https:\/\/interwor2025.vacune.com\/#website"},"datePublished":"2025-10-17T09:04:53+00:00","dateModified":"2025-10-27T17:46:56+00:00","breadcrumb":{"@id":"https:\/\/interwor-tsic.com\/ca\/politica-de-seguridad\/#breadcrumb"},"inLanguage":"ca","potentialAction":[{"@type":"ReadAction","target":["https:\/\/interwor-tsic.com\/ca\/politica-de-seguridad\/"]}]},{"@type":"BreadcrumbList","@id":"https:\/\/interwor-tsic.com\/ca\/politica-de-seguridad\/#breadcrumb","itemListElement":[{"@type":"ListItem","position":1,"name":"Portada","item":"https:\/\/interwor2025.vacune.com\/ca\/"},{"@type":"ListItem","position":2,"name":"Pol\u00edtica de seguretat"}]},{"@type":"WebSite","@id":"https:\/\/interwor2025.vacune.com\/#website","url":"https:\/\/interwor2025.vacune.com\/","name":"Interwor","description":"Expertos en consultor\u00eda tecnol\u00f3gica","publisher":{"@id":"https:\/\/interwor2025.vacune.com\/#organization"},"potentialAction":[{"@type":"SearchAction","target":{"@type":"EntryPoint","urlTemplate":"https:\/\/interwor2025.vacune.com\/?s={search_term_string}"},"query-input":{"@type":"PropertyValueSpecification","valueRequired":true,"valueName":"search_term_string"}}],"inLanguage":"ca"},{"@type":"Organization","@id":"https:\/\/interwor2025.vacune.com\/#organization","name":"Interwor","url":"https:\/\/interwor2025.vacune.com\/","logo":{"@type":"ImageObject","inLanguage":"ca","@id":"https:\/\/interwor2025.vacune.com\/#\/schema\/logo\/image\/","url":"https:\/\/interwor-tsic.com\/wp-content\/uploads\/2025\/06\/logo_cabecera.svg","contentUrl":"https:\/\/interwor-tsic.com\/wp-content\/uploads\/2025\/06\/logo_cabecera.svg","width":404,"height":59,"caption":"Interwor"},"image":{"@id":"https:\/\/interwor2025.vacune.com\/#\/schema\/logo\/image\/"}}]}},"_links":{"self":[{"href":"https:\/\/interwor-tsic.com\/ca\/wp-json\/wp\/v2\/pages\/23842","targetHints":{"allow":["GET"]}}],"collection":[{"href":"https:\/\/interwor-tsic.com\/ca\/wp-json\/wp\/v2\/pages"}],"about":[{"href":"https:\/\/interwor-tsic.com\/ca\/wp-json\/wp\/v2\/types\/page"}],"author":[{"embeddable":true,"href":"https:\/\/interwor-tsic.com\/ca\/wp-json\/wp\/v2\/users\/1"}],"replies":[{"embeddable":true,"href":"https:\/\/interwor-tsic.com\/ca\/wp-json\/wp\/v2\/comments?post=23842"}],"version-history":[{"count":1,"href":"https:\/\/interwor-tsic.com\/ca\/wp-json\/wp\/v2\/pages\/23842\/revisions"}],"predecessor-version":[{"id":23887,"href":"https:\/\/interwor-tsic.com\/ca\/wp-json\/wp\/v2\/pages\/23842\/revisions\/23887"}],"wp:attachment":[{"href":"https:\/\/interwor-tsic.com\/ca\/wp-json\/wp\/v2\/media?parent=23842"}],"curies":[{"name":"wp","href":"https:\/\/api.w.org\/{rel}","templated":true}]}}