{"id":23841,"date":"2025-10-17T11:05:37","date_gmt":"2025-10-17T09:05:37","guid":{"rendered":"https:\/\/interwor-tsic.com\/politica-de-cookies-interwor\/"},"modified":"2025-10-27T18:57:03","modified_gmt":"2025-10-27T17:57:03","slug":"politica-de-cookies-interwor","status":"publish","type":"page","link":"https:\/\/interwor-tsic.com\/ca\/politica-de-cookies-interwor\/","title":{"rendered":"Pol\u00edtica de cookies"},"content":{"rendered":"\n<ol class=\"wp-block-list\">\n<li><strong>A QUI S&#8217;ADRE\u00c7A I APLICA AQUESTA POL\u00cdTICA?<\/strong><\/li>\n<\/ol>\n\n\n\n<p>Aquesta pol\u00edtica \u00e9s aplicable a tots els usuaris de la p\u00e0gina web que tinguin la consideraci\u00f3 de persones f\u00edsiques.<\/p>\n\n\n\n<ol start=\"2\" class=\"wp-block-list\">\n<li><strong>QUI \u00c9S EL RESPONSABLE DEL TRACTAMENT DE LES TEVES DADES PERSONALS?<\/strong><\/li>\n<\/ol>\n\n\n\n<figure class=\"wp-block-table\"><table class=\"has-fixed-layout\"><tbody><tr><td>Denominaci\u00f3 Social<\/td><td>INTERWOR T SIC SLU (en adelante, INTERWOR)<\/td><\/tr><tr><td>Domicili Social<\/td><td>Pla\u00e7a Catalunya, 21 \u2013 2\u00aa planta. 08002, Barcelona (Barcelona).<\/td><\/tr><tr><td>CIF \/ NIF<\/td><td>B63950737<\/td><\/tr><tr><td>Tel\u00e8fon<\/td><td><a href=\"tel:933968033\">933 96 80 33<\/a><\/td><\/tr><tr><td>E-mail<\/td><td>tsic@interwor-tsic.com&nbsp;&nbsp;<\/td><\/tr><\/tbody><\/table><\/figure>\n\n\n\n<ol start=\"3\" class=\"wp-block-list\">\n<li><strong>S&#8217;UTILITZEN COOKIES A LA P\u00c0GINA WEB? QU\u00c8 S\u00d3N?<\/strong><\/li>\n<\/ol>\n\n\n\n<p>La p\u00e0gina web utilitza cookies, \u00e9s a dir, fitxers creats al navegador de l&#8217;usuari per registrar part de la seva activitat. Permet emmagatzemar i recuperar informaci\u00f3 sobre els h\u00e0bits de navegaci\u00f3 d&#8217;un usuari o equip. Les galetes poden ser de diversos tipus en funci\u00f3 de diferents par\u00e0metres:<\/p>\n\n\n\n<ol start=\"4\" class=\"wp-block-list\">\n<li><strong>QUINES COOKIES EXISTEIXEN?<\/strong><\/li>\n<\/ol>\n\n\n\n<figure class=\"wp-block-table\"><table class=\"has-fixed-layout\"><tbody><tr><td colspan=\"2\">Tipus de galetes segons l&#8217;entitat que les gestioni<\/td><\/tr><tr><td>Cookies pr\u00f2pies<\/td><td>Aquelles que s&#8217;envien a l&#8217;equip terminal de l&#8217;usuari des d&#8217;un equip o domini gestionat pel mateix editor i des del qual es presta el servei sol\u00b7licitat per l&#8217;usuari.<\/td><\/tr><tr><td>Galetes de tercers<\/td><td>Aquelles que s&#8217;envien a l&#8217;equip terminal de l&#8217;usuari des d&#8217;un equip o domini que no \u00e9s gestionat per l&#8217;editor, sin\u00f3 per una altra entitat que tracta les dades obtingudes a trav\u00e9s de les galetes.<\/td><\/tr><\/tbody><\/table><\/figure>\n\n\n\n<figure class=\"wp-block-table\"><table class=\"has-fixed-layout\"><tbody><tr><td colspan=\"2\">Tipus de galetes segons el termini de temps que romanen activades<\/td><\/tr><tr><td><strong>Galetes de sessi\u00f3<\/strong><\/td><td>Cookies dissenyades per demanar i emmagatzemar dades mentre l&#8217;usuari accedeix a una p\u00e0gina web.\u00a0Se solen emprar per emmagatzemar informaci\u00f3 que nom\u00e9s interessa conservar per a la prestaci\u00f3 del servei sol\u00b7licitat per l&#8217;usuari en una sola ocasi\u00f3 (per exemple, una llista de productes adquirits).<\/td><\/tr><tr><td><strong>Galetes persistents<\/strong><\/td><td>Les que emmagatzemen les dades al terminal i poden ser accedides i tractades durant un per\u00edode definit pel responsable de la galeta. Podeu anar d&#8217;uns minuts a diversos anys.<\/td><\/tr><tr><td colspan=\"2\">Tipus de cookies segons la finalitat<\/td><\/tr><tr><td>Galetes t\u00e8cniques<\/td><td>Aquelles que permeten a l&#8217;usuari la utilitzaci\u00f3 de les diferents opcions o serveis que hi hagi com, per exemple, controlar el tr\u00e0nsit i la comunicaci\u00f3 de dades, identificar la sessi\u00f3, accedir a parts d&#8217;acc\u00e9s restringit. A m\u00e9s, s&#8217;hi inclouen aquelles que permeten la gesti\u00f3, de la manera m\u00e9s efica\u00e7 possible, dels espais publicitaris que, si s&#8217;escau, l&#8217;editor hagi incl\u00f2s segons criteris com el contingut editat o la freq\u00fc\u00e8ncia en qu\u00e8 es mostren els anuncis.<\/td><\/tr><tr><td>Cookies de personalizaci\u00f3n<\/td><td>Aquelles que permeten a l&#8217;usuari accedir al servei amb algunes caracter\u00edstiques predefinides en funci\u00f3 d&#8217;una s\u00e8rie de criteris al terminal de l&#8217;usuari com ara serien l&#8217;idioma, el tipus de navegador a trav\u00e9s del qual accedeix al servei o la configuraci\u00f3 regional des d&#8217;on accedeix al servei.<\/td><\/tr><tr><td>Galetes d&#8217;an\u00e0lisi<\/td><td>Aquelles que permeten el seguiment i l&#8217;an\u00e0lisi del comportament dels usuaris.<\/td><\/tr><tr><td>Cookies de publicitat comportamental<\/td><td>Les que permeten la gesti\u00f3, de la manera m\u00e9s efica\u00e7 possible, dels espais publicitaris. Emmagatzemen informaci\u00f3 del comportament dels usuaris obtinguda a trav\u00e9s de l&#8217;observaci\u00f3 continuada dels seus h\u00e0bits de navegaci\u00f3, cosa que permet desenvolupar un perfil espec\u00edfic per mostrar publicitat.<\/td><\/tr><\/tbody><\/table><\/figure>\n\n\n\n<ol start=\"5\" class=\"wp-block-list\">\n<li><strong>QUINES COOKIES UTILITZEM?<\/strong><\/li>\n<\/ol>\n\n\n\n<p>Les galetes que s&#8217;utilitzen en aquesta p\u00e0gina poden ser pr\u00f2pies o de tercers, de sessi\u00f3 o persistents, aix\u00ed com t\u00e8cniques i anal\u00edtiques. A continuaci\u00f3, es mostra un quadre resum informatiu de les galetes concretes que utilitza INTERWOR en aquest moment:<\/p>\n\n\n\n<figure class=\"wp-block-table\"><table class=\"has-fixed-layout\"><tbody><tr><td><strong>Tipus<\/strong><\/td><td><strong>Nom<\/strong><\/td><td><strong>Durada<\/strong><\/td><td><strong>Finalitat<\/strong><\/td><\/tr><tr><td>De tercers, anal\u00edtica<\/td><td>_grecaptcha<\/td><td>Persistent.2 anys a partir de la configuraci\u00f3<\/td><td>Aquesta galeta s&#8217;utilitza per distingir entre els humans i els bots. Aix\u00f2 \u00e9s benefici\u00f3s per a la web per tal d&#8217;elaborar informes v\u00e0lids sobre l&#8217;\u00fas del web.<\/td><\/tr><tr><td>De tercers, anal\u00edtica<\/td><td>_GRECAPTCHA<\/td><td>180 dies<\/td><td>Aquesta galeta s&#8217;utilitza per distingir entre els humans i els bots. Aix\u00f2 \u00e9s benefici\u00f3s per a la web per tal d&#8217;elaborar informes v\u00e0lids sobre l&#8217;\u00fas del web.<\/td><\/tr><tr><td>De tercers, anal\u00edtica<\/td><td>1.gif<\/td><td>Sesi\u00f3<\/td><td>Sutilitza per comptar el nombre de sessions del lloc web, necessari per optimitzar el lliurament de productes CMP.<\/td><\/tr><tr><td>De tercers, anal\u00edtica(Google)<\/td><td>CoookieConsent<\/td><td>1 any<\/td><td>Emmagatzema l&#8217;estat de consentiment de galetes de l&#8217;usuari per al domini actual<\/td><\/tr><tr><td>De tercers, anal\u00edtica(Google)<\/td><td>rc::a<\/td><td>Persistent<\/td><td>Aquesta galeta s&#8217;utilitza per distingir entre els humans i els bots. Aix\u00f2 \u00e9s benefici\u00f3s per a la web per tal d&#8217;elaborar informes v\u00e0lids sobre l&#8217;\u00fas del web.<\/td><\/tr><tr><td>De tercers, anal\u00edtica (Google)<\/td><td>rc::b<\/td><td>Sesi\u00f3<\/td><td>Aquesta galeta s&#8217;utilitza per distingir entre els humans i els bots.<\/td><\/tr><tr><td>De tercers, anal\u00edtica (Google)<\/td><td>rc::c<\/td><td>Sesi\u00f3<\/td><td>Aquesta galeta s&#8217;utilitza per distingir entre els humans i els bots.<\/td><\/tr><tr><td>Propia<\/td><td>wordpress_test_cookie<\/td><td>Sesi\u00f3<\/td><td>Utilitzada per comprovar si el navegador de l&#8217;usuari admet galetes.<\/td><\/tr><\/tbody><\/table><\/figure>\n\n\n\n<ol start=\"6\" class=\"wp-block-list\">\n<li><strong>QUI UTILITZA LES COOKIES?<\/strong><\/li>\n<\/ol>\n\n\n\n<p>La informaci\u00f3 obtinguda a trav\u00e9s de les Cookies ser\u00e0 incorporada als tractaments d&#8217;INTERWOR amb les finalitats i terminis indicats a la present Pol\u00edtica.<\/p>\n\n\n\n<p>Aix\u00ed mateix, aquesta informaci\u00f3 tamb\u00e9 s&#8217;incorporar\u00e0 als fitxers de Google com a empresa prove\u00efdora de les Cookies de Tercers indicades en aquest document, i ser\u00e0 tractada amb les finalitats indicades a les seves respectives pol\u00edtiques de privadesa.<\/p>\n\n\n\n<p>La base jur\u00eddica que legitima aquests tractaments \u00e9s el consentiment de lusuari, prestat en ocasi\u00f3 de la seva navegaci\u00f3 per la p\u00e0gina web; no obstant aix\u00f2, l&#8217;usuari podr\u00e0 rebutjar l&#8217;\u00fas de Cookies mitjan\u00e7ant els mecanismes indicats a la present Pol\u00edtica.<\/p>\n\n\n\n<ol start=\"7\" class=\"wp-block-list\">\n<li><strong>CONFIGURACI\u00d3 DE LES COOKIES<\/strong><\/li>\n<\/ol>\n\n\n\n<p>A trav\u00e9s del tauler de control es facilita la gesti\u00f3 de totes les cookies. A m\u00e9s, t&#8217;oferim informaci\u00f3 sobre com pots dur a terme la gesti\u00f3 i desactivaci\u00f3 de les cookies utilitzades a la plataforma a trav\u00e9s de les diferents opcions que ofereixen els navegadors m\u00e9s comuns:<\/p>\n\n\n\n<ul class=\"wp-block-list\" class=\"wp-block-list\">\n<li><a href=\"https:\/\/support.google.com\/chrome\/answer\/95647?co=GENIE.Platform%3DDesktop&amp;hl=es\">Google Chrome<\/a><\/li>\n\n\n\n<li><a href=\"https:\/\/support.mozilla.org\/es\/kb\/impedir-que-los-sitios-web-guarden-sus-preferencia\">Mozilla Firefox<\/a>&nbsp;<\/li>\n\n\n\n<li><a href=\"https:\/\/support.microsoft.com\/es-es\/help\/17442\/windows-internet-explorer-delete-manage-cookies\">Microsoft Internet Explorer<\/a>&nbsp;<\/li>\n\n\n\n<li><a href=\"https:\/\/support.apple.com\/es-es\/HT201265\">Safari<\/a><\/li>\n<\/ul>\n\n\n\n<ol start=\"8\" class=\"wp-block-list\">\n<li><strong>ACTUALITZACIONS I CANVIS A LA POL\u00cdTICA DE COOKIES.<\/strong><\/li>\n<\/ol>\n\n\n\n<p>La variaci\u00f3 de les galetes que apareguin en aquesta web pot no estar relacionada amb la gesti\u00f3 i el manteniment de la mateixa, per la qual cosa es duen a terme revisions peri\u00f2diques per adequar la pol\u00edtica de galetes.<\/p>\n\n\n\n<p>El titular de la web no assumeix cap responsabilitat per problemes legals o t\u00e8cnics causats per l&#8217;incompliment per part de l&#8217;usuari de les recomanacions incloses i no es fa responsable del contingut i la veracitat de les pol\u00edtiques de privadesa de tercers.<\/p>\n\n\n\n<p>Aquesta Pol\u00edtica de Cookies podr\u00e0 ser modificada en funci\u00f3 d&#8217;exig\u00e8ncies legislatives, reglament\u00e0ries, o amb la finalitat d&#8217;adaptar aquesta pol\u00edtica a les instruccions dictades per l&#8217;Ag\u00e8ncia Espanyola de Protecci\u00f3 de Dades, per aix\u00f2 s&#8217;aconsella als usuaris que la visitin peri\u00f2dicament.<\/p>\n\n\n\n<p><strong>Darrera actualitzaci\u00f3: Abril 2024<\/strong><\/p>\n","protected":false},"excerpt":{"rendered":"<p>Aquesta pol\u00edtica \u00e9s aplicable a tots els usuaris de la p\u00e0gina web que tinguin la consideraci\u00f3 de persones f\u00edsiques. Denominaci\u00f3 Social INTERWOR T SIC SLU (en adelante, INTERWOR) Domicili Social Pla\u00e7a Catalunya, 21 \u2013 2\u00aa planta. 08002, Barcelona (Barcelona). CIF \/&#8230;<\/p>\n","protected":false},"author":1,"featured_media":0,"parent":0,"menu_order":0,"comment_status":"closed","ping_status":"closed","template":"","meta":{"footnotes":""},"class_list":["post-23841","page","type-page","status-publish","hentry"],"yoast_head":"<!-- This site is optimized with the Yoast SEO plugin v27.4 - https:\/\/yoast.com\/product\/yoast-seo-wordpress\/ -->\n<title>Pol\u00edtica de cookies - Interwor<\/title>\n<meta name=\"robots\" content=\"index, follow, max-snippet:-1, max-image-preview:large, max-video-preview:-1\" \/>\n<link rel=\"canonical\" href=\"https:\/\/interwor-tsic.com\/ca\/politica-de-cookies-interwor\/\" \/>\n<meta property=\"og:locale\" content=\"ca_ES\" \/>\n<meta property=\"og:type\" content=\"article\" \/>\n<meta property=\"og:title\" content=\"Pol\u00edtica de cookies - Interwor\" \/>\n<meta property=\"og:description\" content=\"Aquesta pol\u00edtica \u00e9s aplicable a tots els usuaris de la p\u00e0gina web que tinguin la consideraci\u00f3 de persones f\u00edsiques. Denominaci\u00f3 Social INTERWOR T SIC SLU (en adelante, INTERWOR) Domicili Social Pla\u00e7a Catalunya, 21 \u2013 2\u00aa planta. 08002, Barcelona (Barcelona). CIF \/...\" \/>\n<meta property=\"og:url\" content=\"https:\/\/interwor-tsic.com\/ca\/politica-de-cookies-interwor\/\" \/>\n<meta property=\"og:site_name\" content=\"Interwor\" \/>\n<meta property=\"article:modified_time\" content=\"2025-10-27T17:57:03+00:00\" \/>\n<meta name=\"twitter:card\" content=\"summary_large_image\" \/>\n<meta name=\"twitter:label1\" content=\"Temps estimat de lectura\" \/>\n\t<meta name=\"twitter:data1\" content=\"5 minuts\" \/>\n<script type=\"application\/ld+json\" class=\"yoast-schema-graph\">{\"@context\":\"https:\\\/\\\/schema.org\",\"@graph\":[{\"@type\":\"WebPage\",\"@id\":\"https:\\\/\\\/interwor-tsic.com\\\/ca\\\/politica-de-cookies-interwor\\\/\",\"url\":\"https:\\\/\\\/interwor-tsic.com\\\/ca\\\/politica-de-cookies-interwor\\\/\",\"name\":\"Pol\u00edtica de cookies - Interwor\",\"isPartOf\":{\"@id\":\"https:\\\/\\\/interwor2025.vacune.com\\\/#website\"},\"datePublished\":\"2025-10-17T09:05:37+00:00\",\"dateModified\":\"2025-10-27T17:57:03+00:00\",\"breadcrumb\":{\"@id\":\"https:\\\/\\\/interwor-tsic.com\\\/ca\\\/politica-de-cookies-interwor\\\/#breadcrumb\"},\"inLanguage\":\"ca\",\"potentialAction\":[{\"@type\":\"ReadAction\",\"target\":[\"https:\\\/\\\/interwor-tsic.com\\\/ca\\\/politica-de-cookies-interwor\\\/\"]}]},{\"@type\":\"BreadcrumbList\",\"@id\":\"https:\\\/\\\/interwor-tsic.com\\\/ca\\\/politica-de-cookies-interwor\\\/#breadcrumb\",\"itemListElement\":[{\"@type\":\"ListItem\",\"position\":1,\"name\":\"Portada\",\"item\":\"https:\\\/\\\/interwor2025.vacune.com\\\/ca\\\/\"},{\"@type\":\"ListItem\",\"position\":2,\"name\":\"Pol\u00edtica de cookies\"}]},{\"@type\":\"WebSite\",\"@id\":\"https:\\\/\\\/interwor2025.vacune.com\\\/#website\",\"url\":\"https:\\\/\\\/interwor2025.vacune.com\\\/\",\"name\":\"Interwor\",\"description\":\"Expertos en consultor\u00eda tecnol\u00f3gica\",\"publisher\":{\"@id\":\"https:\\\/\\\/interwor2025.vacune.com\\\/#organization\"},\"potentialAction\":[{\"@type\":\"SearchAction\",\"target\":{\"@type\":\"EntryPoint\",\"urlTemplate\":\"https:\\\/\\\/interwor2025.vacune.com\\\/?s={search_term_string}\"},\"query-input\":{\"@type\":\"PropertyValueSpecification\",\"valueRequired\":true,\"valueName\":\"search_term_string\"}}],\"inLanguage\":\"ca\"},{\"@type\":\"Organization\",\"@id\":\"https:\\\/\\\/interwor2025.vacune.com\\\/#organization\",\"name\":\"Interwor\",\"url\":\"https:\\\/\\\/interwor2025.vacune.com\\\/\",\"logo\":{\"@type\":\"ImageObject\",\"inLanguage\":\"ca\",\"@id\":\"https:\\\/\\\/interwor2025.vacune.com\\\/#\\\/schema\\\/logo\\\/image\\\/\",\"url\":\"https:\\\/\\\/interwor-tsic.com\\\/wp-content\\\/uploads\\\/2025\\\/06\\\/logo_cabecera.svg\",\"contentUrl\":\"https:\\\/\\\/interwor-tsic.com\\\/wp-content\\\/uploads\\\/2025\\\/06\\\/logo_cabecera.svg\",\"width\":404,\"height\":59,\"caption\":\"Interwor\"},\"image\":{\"@id\":\"https:\\\/\\\/interwor2025.vacune.com\\\/#\\\/schema\\\/logo\\\/image\\\/\"}}]}<\/script>\n<!-- \/ Yoast SEO plugin. -->","yoast_head_json":{"title":"Pol\u00edtica de cookies - Interwor","robots":{"index":"index","follow":"follow","max-snippet":"max-snippet:-1","max-image-preview":"max-image-preview:large","max-video-preview":"max-video-preview:-1"},"canonical":"https:\/\/interwor-tsic.com\/ca\/politica-de-cookies-interwor\/","og_locale":"ca_ES","og_type":"article","og_title":"Pol\u00edtica de cookies - Interwor","og_description":"Aquesta pol\u00edtica \u00e9s aplicable a tots els usuaris de la p\u00e0gina web que tinguin la consideraci\u00f3 de persones f\u00edsiques. Denominaci\u00f3 Social INTERWOR T SIC SLU (en adelante, INTERWOR) Domicili Social Pla\u00e7a Catalunya, 21 \u2013 2\u00aa planta. 08002, Barcelona (Barcelona). CIF \/...","og_url":"https:\/\/interwor-tsic.com\/ca\/politica-de-cookies-interwor\/","og_site_name":"Interwor","article_modified_time":"2025-10-27T17:57:03+00:00","twitter_card":"summary_large_image","twitter_misc":{"Temps estimat de lectura":"5 minuts"},"schema":{"@context":"https:\/\/schema.org","@graph":[{"@type":"WebPage","@id":"https:\/\/interwor-tsic.com\/ca\/politica-de-cookies-interwor\/","url":"https:\/\/interwor-tsic.com\/ca\/politica-de-cookies-interwor\/","name":"Pol\u00edtica de cookies - Interwor","isPartOf":{"@id":"https:\/\/interwor2025.vacune.com\/#website"},"datePublished":"2025-10-17T09:05:37+00:00","dateModified":"2025-10-27T17:57:03+00:00","breadcrumb":{"@id":"https:\/\/interwor-tsic.com\/ca\/politica-de-cookies-interwor\/#breadcrumb"},"inLanguage":"ca","potentialAction":[{"@type":"ReadAction","target":["https:\/\/interwor-tsic.com\/ca\/politica-de-cookies-interwor\/"]}]},{"@type":"BreadcrumbList","@id":"https:\/\/interwor-tsic.com\/ca\/politica-de-cookies-interwor\/#breadcrumb","itemListElement":[{"@type":"ListItem","position":1,"name":"Portada","item":"https:\/\/interwor2025.vacune.com\/ca\/"},{"@type":"ListItem","position":2,"name":"Pol\u00edtica de cookies"}]},{"@type":"WebSite","@id":"https:\/\/interwor2025.vacune.com\/#website","url":"https:\/\/interwor2025.vacune.com\/","name":"Interwor","description":"Expertos en consultor\u00eda tecnol\u00f3gica","publisher":{"@id":"https:\/\/interwor2025.vacune.com\/#organization"},"potentialAction":[{"@type":"SearchAction","target":{"@type":"EntryPoint","urlTemplate":"https:\/\/interwor2025.vacune.com\/?s={search_term_string}"},"query-input":{"@type":"PropertyValueSpecification","valueRequired":true,"valueName":"search_term_string"}}],"inLanguage":"ca"},{"@type":"Organization","@id":"https:\/\/interwor2025.vacune.com\/#organization","name":"Interwor","url":"https:\/\/interwor2025.vacune.com\/","logo":{"@type":"ImageObject","inLanguage":"ca","@id":"https:\/\/interwor2025.vacune.com\/#\/schema\/logo\/image\/","url":"https:\/\/interwor-tsic.com\/wp-content\/uploads\/2025\/06\/logo_cabecera.svg","contentUrl":"https:\/\/interwor-tsic.com\/wp-content\/uploads\/2025\/06\/logo_cabecera.svg","width":404,"height":59,"caption":"Interwor"},"image":{"@id":"https:\/\/interwor2025.vacune.com\/#\/schema\/logo\/image\/"}}]}},"_links":{"self":[{"href":"https:\/\/interwor-tsic.com\/ca\/wp-json\/wp\/v2\/pages\/23841","targetHints":{"allow":["GET"]}}],"collection":[{"href":"https:\/\/interwor-tsic.com\/ca\/wp-json\/wp\/v2\/pages"}],"about":[{"href":"https:\/\/interwor-tsic.com\/ca\/wp-json\/wp\/v2\/types\/page"}],"author":[{"embeddable":true,"href":"https:\/\/interwor-tsic.com\/ca\/wp-json\/wp\/v2\/users\/1"}],"replies":[{"embeddable":true,"href":"https:\/\/interwor-tsic.com\/ca\/wp-json\/wp\/v2\/comments?post=23841"}],"version-history":[{"count":1,"href":"https:\/\/interwor-tsic.com\/ca\/wp-json\/wp\/v2\/pages\/23841\/revisions"}],"predecessor-version":[{"id":23889,"href":"https:\/\/interwor-tsic.com\/ca\/wp-json\/wp\/v2\/pages\/23841\/revisions\/23889"}],"wp:attachment":[{"href":"https:\/\/interwor-tsic.com\/ca\/wp-json\/wp\/v2\/media?parent=23841"}],"curies":[{"name":"wp","href":"https:\/\/api.w.org\/{rel}","templated":true}]}}