{"id":23840,"date":"2025-10-17T11:06:12","date_gmt":"2025-10-17T09:06:12","guid":{"rendered":"https:\/\/interwor-tsic.com\/aviso-legal\/"},"modified":"2025-10-17T11:06:12","modified_gmt":"2025-10-17T09:06:12","slug":"aviso-legal","status":"publish","type":"page","link":"https:\/\/interwor-tsic.com\/ca\/aviso-legal\/","title":{"rendered":"Aviso Legal"},"content":{"rendered":"\n<p>Denominaci\u00f3n Social: INTERWOR T SIC SLU.<br>Domicilio Social:&nbsp;Pla\u00e7a Catalunya, 21 \u2013 2\u00aa planta. 08002, Barcelona (Barcelona).<br>CIF \/ NIF: B63950737<br>Tel\u00e9fono: +34 933 968 033<br>Nombre de dominio: www.interwor-tsic.com.<br>Inscrito en el Registro Mercantil de Barcelona, Tomo 38.523, Folio 11, H 325.220, inscripci\u00f3n 1\u00aa.<\/p>\n\n\n\n<p><strong>OBJETO<\/strong><\/p>\n\n\n\n<p>INTERWOR T SIC SLU (en adelante, INTERWOR) como responsable de www.interwor-tsic.com, pone a disposici\u00f3n de los usuarios el presente AVISO LEGAL con el objeto de dar cumplimiento a la Ley 34\/2002, de 11 de julio, de Servicios de la Sociedad de la Informaci\u00f3n y del Comercio Electr\u00f3nico (LSSI), as\u00ed como informar sobre las condiciones de uso del sitio web.<\/p>\n\n\n\n<p>Toda persona que acceda a este sitio web asume el papel de usuario, comprometi\u00e9ndose a la observancia y cumplimiento riguroso de las disposiciones aqu\u00ed recogidas, as\u00ed como a cualquier otra disposici\u00f3n legal que fuera de aplicaci\u00f3n.<\/p>\n\n\n\n<p>INTERWOR reserva el derecho a modificar cualquier tipo de informaci\u00f3n que pudiera aparecer en el sitio web, sin que exista ninguna obligaci\u00f3n de preavisar o poner en conocimiento de los usuarios dichas obligaciones, entendi\u00e9ndose como suficiente con la publicaci\u00f3n en www.interwor-tsic.com. Estas modificaciones supondr\u00e1n nuevas versiones del actual Aviso Legal, indic\u00e1ndose en caso de actualizaci\u00f3n la fecha a partir de la cual se considerar\u00e1 vigente la nueva versi\u00f3n.<\/p>\n\n\n\n<p><strong>USO Y ACCESO A LOS CONTENIDOS<\/strong><\/p>\n\n\n\n<p>El uso de esta p\u00e1gina web tendr\u00e1 car\u00e1cter gratuito. El uso de los contenidos y el acceso a la p\u00e1gina web ser\u00e1n responsabilidad \u00fanica y exclusiva del usuario, siendo adem\u00e1s responsable y manteniendo indemne a INTERWOR de cualquier tipo de reclamaci\u00f3n derivada de la obtenci\u00f3n por usuarios no autorizados de informaci\u00f3n de la presente web.<\/p>\n\n\n\n<p>Asimismo, el usuario se compromete a no llevar a cabo ninguna conducta que pudiera da\u00f1ar la imagen, los intereses y los derechos de INTERWOR o que impidiera, de cualquier forma, la normal utilizaci\u00f3n de esta p\u00e1gina.<\/p>\n\n\n\n<p>INTERWOR no garantiza la ausencia de virus u otros elementos lesivos que pudieran causar da\u00f1os o alteraciones en el sistema inform\u00e1tico, en los documentos electr\u00f3nicos o en los ficheros del usuario de este sitio web. En consecuencia, INTERWOR no responde por los da\u00f1os y perjuicios que tales elementos pudieran ocasionar al usuario o a terceros.<\/p>\n\n\n\n<p>La informaci\u00f3n que aparece en la p\u00e1gina web ya sea en forma de consejos, noticias, preguntas y respuestas, es una informaci\u00f3n orientativa, prestada con car\u00e1cter gen\u00e9rico, que tratar\u00e1 de ser lo m\u00e1s completa, independiente y profesional sin entrar en valoraciones, sin que en ning\u00fan caso pueda considerarse una consulta personalizada.<\/p>\n\n\n\n<p><strong>PROPIEDAD INTELECTUAL E INDUSTRIAL<\/strong><\/p>\n\n\n\n<p>El sitio web, incluyendo a t\u00edtulo enunciativo, pero no limitativo su programaci\u00f3n, edici\u00f3n, compilaci\u00f3n y dem\u00e1s elementos necesarios para su funcionamiento, los dise\u00f1os, logotipos, texto y\/o gr\u00e1ficos son propiedad de INTERWOR o, en su caso dispone de licencia o autorizaci\u00f3n expresa por parte de los autores. Todos los contenidos del sitio web se encuentran debidamente protegidos por la normativa de propiedad intelectual e industrial, as\u00ed como inscritos en los registros p\u00fablicos correspondientes.<\/p>\n\n\n\n<p>Independientemente de la finalidad para la que fueran destinados, la reproducci\u00f3n total o parcial, uso, explotaci\u00f3n, distribuci\u00f3n y comercializaci\u00f3n, requiere en todo caso de la previa autorizaci\u00f3n escrita por parte INTERWOR. Cualquier uso no autorizado previamente por parte de INTERWOR ser\u00e1 considerado un incumplimiento grave de los derechos de propiedad intelectual o industrial del autor.<\/p>\n\n\n\n<p>Los dise\u00f1os, logotipos, texto y\/o gr\u00e1ficos ajenos al prestador y que pudieran aparecer en el sitio web, pertenecen a sus respectivos propietarios, siendo ellos mismos responsables de cualquier posible controversia que pudiera suscitarse respecto a los mismos. En todo caso,&nbsp;INTERWOR cuenta con su autorizaci\u00f3n expresa y previa.<\/p>\n\n\n\n<p>INTERWOR reconoce a favor de sus titulares los correspondientes derechos de propiedad industrial e intelectual, no implicando su sola menci\u00f3n o aparici\u00f3n en el sitio web la existencia de derechos o responsabilidad alguna de INTERWOR sobre los ellos, como tampoco respaldo, patrocinio o recomendaci\u00f3n por parte del mismo.<\/p>\n\n\n\n<p>Para realizar cualquier tipo de observaci\u00f3n respecto a posibles incumplimientos de los derechos de propiedad intelectual o industrial, as\u00ed como sobre cualquiera de los contenidos del sitio web, puede hacerlo a trav\u00e9s del siguiente correo electr\u00f3nico:&nbsp;tsic@interwor-tsic.com.<\/p>\n\n\n\n<p><strong>ENLACES AL PORTAL<\/strong><\/p>\n\n\n\n<p>El usuario y, en general, cualquier persona f\u00edsica o jur\u00eddica que quiera establecer un hiperenlace o dispositivo t\u00e9cnico de enlace desde su sitio web a este Sitio web deber\u00e1 obtener una autorizaci\u00f3n previa y por escrito de INTERWOR.<\/p>\n\n\n\n<p>En todo caso, INTERWOR se reserva el derecho de prohibir o inutilizar en cualquier momento un hiperenlace a este sitio web.<\/p>\n\n\n\n<p>INTERWOR pone a disposici\u00f3n del Usuario enlaces que permiten al Usuario el acceso a sitios o portales de Internet pertenecientes a o gestionados por terceros, lo que no implica en ning\u00fan caso la existencia de relaciones entre INTERWOR y el propietario de la p\u00e1gina web enlazada INTERWOR no supervisa ni controla en modo alguno los contenidos y servicios de los sitios enlazados o que enlazan a esta p\u00e1gina web por lo<br>que no se har\u00e1 responsable en ning\u00fan caso de los mismos ni de los da\u00f1os que se puedan producir como consecuencia de la ilicitud, desactualizaci\u00f3n, error e inutilidad de los contenidos y\/o servicios de los sitios enlazados.<\/p>\n\n\n\n<p><strong>RESPONSABILIDADES<\/strong><\/p>\n\n\n\n<p>INTERWOR se exime de cualquier tipo de responsabilidad derivada de la informaci\u00f3n publicada en su sitio web, siempre que esta informaci\u00f3n haya sido manipulada o introducida por un tercero ajeno al mismo.<\/p>\n\n\n\n<p>INTERWOR no se hace responsable de la informaci\u00f3n y contenidos almacenados, a t\u00edtulo enunciativo, pero no limitativo, en foros, chats, generadores de blogs, comentarios, redes sociales o cualquier otro medio que permita a terceros publicar contenidos de forma independiente en el sitio web de INTERWOR.<\/p>\n\n\n\n<p>No obstante, INTERWOR pone a disposici\u00f3n de todos los usuarios, autoridades y fuerzas de seguridad, colaborando de forma activa en la retirada o en su caso bloqueo de todos aquellos contenidos que pudieran afectar o contravenir la legislaci\u00f3n nacional o internacional, derechos de terceros o la moral y el orden p\u00fablico. En caso de que cualquier usuario considere que existe en el sitio web alg\u00fan contenido que pudiera ser<br>susceptible de esta clasificaci\u00f3n, se ruega lo notifique de forma inmediata al administrador del sitio web a trav\u00e9s de los medios indicados.<\/p>\n\n\n\n<p>Este sitio web ha sido revisado y probado para que funcione correctamente. En principio, puede garantizarse el correcto funcionamiento los 365 d\u00edas del a\u00f1o, 24 horas al d\u00eda. No obstante, INTERWOR no descarta la posibilidad de que existan ciertos errores de programaci\u00f3n o que acontezcan causas de fuerza mayor, cat\u00e1strofes naturales, huelgas, o circunstancias semejantes que hagan imposible el acceso al mismo.<\/p>\n\n\n\n<p><strong>INFORMACI\u00d3N SOBRE PROTECCI\u00d3N DE DATOS DE CAR\u00c1CTER PERSONAL<\/strong><\/p>\n\n\n\n<p>INTERWOR es el responsable del tratamiento de los datos de car\u00e1cter personal. Tratar\u00e1 sus datos con la finalidad de gestionar las comunicaciones con el interesado, as\u00ed como, para resolver sus dudas, quejas o sugerencias dirigidas mediante el correo electr\u00f3nico o el apartado de contacto. Puede ejercitar sus derechos de acceso, rectificaci\u00f3n, supresi\u00f3n, limitaci\u00f3n del tratamiento, oposici\u00f3n y de retirada de su consentimiento enviando su solicitud junto con un documento acreditativo de su identidad a la direcci\u00f3n:&nbsp;tsic@interwor-tsic.com. Tambi\u00e9n tiene derecho a presentar una reclamaci\u00f3n ante la Autoridad de control (www.aepd.es), si considera que el tratamiento no se ajusta a la normativa vigente.<\/p>\n\n\n\n<p>Para m\u00e1s informaci\u00f3n sobre el tratamiento se sus datos personales pueden consultar la pol\u00edtica de privacidad y la pol\u00edtica de cookies de nuestra web.<\/p>\n\n\n\n<p><strong>LEY APLICABLE Y JURISDICCI\u00d3N<\/strong><\/p>\n\n\n\n<p>Para la resoluci\u00f3n de todas las controversias o cuestiones relacionadas con el presente sitio web o de las actividades en \u00e9l desarrolladas, ser\u00e1 de aplicaci\u00f3n la legislaci\u00f3n espa\u00f1ola, a la que se someten expresamente las partes, siendo competentes para la resoluci\u00f3n de todos los conflictos derivados o relacionados con su uso los Juzgados y Tribunales de Barcelona<\/p>\n\n\n\n<p><strong>\u00daltima actualizaci\u00f3n: Abril de 2024<\/strong><\/p>\n","protected":false},"excerpt":{"rendered":"<p>Denominaci\u00f3n Social: INTERWOR T SIC SLU.Domicilio Social:&nbsp;Pla\u00e7a Catalunya, 21 \u2013 2\u00aa planta. 08002, Barcelona (Barcelona).CIF \/ NIF: B63950737Tel\u00e9fono: +34 933 968 033Nombre de dominio: www.interwor-tsic.com.Inscrito en el Registro Mercantil de Barcelona, Tomo 38.523, Folio 11, H 325.220, inscripci\u00f3n 1\u00aa. OBJETO INTERWOR&#8230;<\/p>\n","protected":false},"author":1,"featured_media":0,"parent":0,"menu_order":0,"comment_status":"closed","ping_status":"closed","template":"","meta":{"footnotes":""},"class_list":["post-23840","page","type-page","status-publish","hentry"],"yoast_head":"<!-- This site is optimized with the Yoast SEO plugin v27.4 - https:\/\/yoast.com\/product\/yoast-seo-wordpress\/ -->\n<title>Aviso Legal - Interwor<\/title>\n<meta name=\"robots\" content=\"index, follow, max-snippet:-1, max-image-preview:large, max-video-preview:-1\" \/>\n<link rel=\"canonical\" href=\"https:\/\/interwor-tsic.com\/ca\/aviso-legal\/\" \/>\n<meta property=\"og:locale\" content=\"ca_ES\" \/>\n<meta property=\"og:type\" content=\"article\" \/>\n<meta property=\"og:title\" content=\"Aviso Legal - Interwor\" \/>\n<meta property=\"og:description\" content=\"Denominaci\u00f3n Social: INTERWOR T SIC SLU.Domicilio Social:&nbsp;Pla\u00e7a Catalunya, 21 \u2013 2\u00aa planta. 08002, Barcelona (Barcelona).CIF \/ NIF: B63950737Tel\u00e9fono: +34 933 968 033Nombre de dominio: www.interwor-tsic.com.Inscrito en el Registro Mercantil de Barcelona, Tomo 38.523, Folio 11, H 325.220, inscripci\u00f3n 1\u00aa. OBJETO INTERWOR...\" \/>\n<meta property=\"og:url\" content=\"https:\/\/interwor-tsic.com\/ca\/aviso-legal\/\" \/>\n<meta property=\"og:site_name\" content=\"Interwor\" \/>\n<meta name=\"twitter:card\" content=\"summary_large_image\" \/>\n<meta name=\"twitter:label1\" content=\"Temps estimat de lectura\" \/>\n\t<meta name=\"twitter:data1\" content=\"7 minuts\" \/>\n<script type=\"application\/ld+json\" class=\"yoast-schema-graph\">{\"@context\":\"https:\\\/\\\/schema.org\",\"@graph\":[{\"@type\":\"WebPage\",\"@id\":\"https:\\\/\\\/interwor-tsic.com\\\/ca\\\/aviso-legal\\\/\",\"url\":\"https:\\\/\\\/interwor-tsic.com\\\/ca\\\/aviso-legal\\\/\",\"name\":\"Aviso Legal - Interwor\",\"isPartOf\":{\"@id\":\"https:\\\/\\\/interwor2025.vacune.com\\\/#website\"},\"datePublished\":\"2025-10-17T09:06:12+00:00\",\"breadcrumb\":{\"@id\":\"https:\\\/\\\/interwor-tsic.com\\\/ca\\\/aviso-legal\\\/#breadcrumb\"},\"inLanguage\":\"ca\",\"potentialAction\":[{\"@type\":\"ReadAction\",\"target\":[\"https:\\\/\\\/interwor-tsic.com\\\/ca\\\/aviso-legal\\\/\"]}]},{\"@type\":\"BreadcrumbList\",\"@id\":\"https:\\\/\\\/interwor-tsic.com\\\/ca\\\/aviso-legal\\\/#breadcrumb\",\"itemListElement\":[{\"@type\":\"ListItem\",\"position\":1,\"name\":\"Portada\",\"item\":\"https:\\\/\\\/interwor2025.vacune.com\\\/ca\\\/\"},{\"@type\":\"ListItem\",\"position\":2,\"name\":\"Aviso Legal\"}]},{\"@type\":\"WebSite\",\"@id\":\"https:\\\/\\\/interwor2025.vacune.com\\\/#website\",\"url\":\"https:\\\/\\\/interwor2025.vacune.com\\\/\",\"name\":\"Interwor\",\"description\":\"Expertos en consultor\u00eda tecnol\u00f3gica\",\"publisher\":{\"@id\":\"https:\\\/\\\/interwor2025.vacune.com\\\/#organization\"},\"potentialAction\":[{\"@type\":\"SearchAction\",\"target\":{\"@type\":\"EntryPoint\",\"urlTemplate\":\"https:\\\/\\\/interwor2025.vacune.com\\\/?s={search_term_string}\"},\"query-input\":{\"@type\":\"PropertyValueSpecification\",\"valueRequired\":true,\"valueName\":\"search_term_string\"}}],\"inLanguage\":\"ca\"},{\"@type\":\"Organization\",\"@id\":\"https:\\\/\\\/interwor2025.vacune.com\\\/#organization\",\"name\":\"Interwor\",\"url\":\"https:\\\/\\\/interwor2025.vacune.com\\\/\",\"logo\":{\"@type\":\"ImageObject\",\"inLanguage\":\"ca\",\"@id\":\"https:\\\/\\\/interwor2025.vacune.com\\\/#\\\/schema\\\/logo\\\/image\\\/\",\"url\":\"https:\\\/\\\/interwor-tsic.com\\\/wp-content\\\/uploads\\\/2025\\\/06\\\/logo_cabecera.svg\",\"contentUrl\":\"https:\\\/\\\/interwor-tsic.com\\\/wp-content\\\/uploads\\\/2025\\\/06\\\/logo_cabecera.svg\",\"width\":404,\"height\":59,\"caption\":\"Interwor\"},\"image\":{\"@id\":\"https:\\\/\\\/interwor2025.vacune.com\\\/#\\\/schema\\\/logo\\\/image\\\/\"}}]}<\/script>\n<!-- \/ Yoast SEO plugin. -->","yoast_head_json":{"title":"Aviso Legal - Interwor","robots":{"index":"index","follow":"follow","max-snippet":"max-snippet:-1","max-image-preview":"max-image-preview:large","max-video-preview":"max-video-preview:-1"},"canonical":"https:\/\/interwor-tsic.com\/ca\/aviso-legal\/","og_locale":"ca_ES","og_type":"article","og_title":"Aviso Legal - Interwor","og_description":"Denominaci\u00f3n Social: INTERWOR T SIC SLU.Domicilio Social:&nbsp;Pla\u00e7a Catalunya, 21 \u2013 2\u00aa planta. 08002, Barcelona (Barcelona).CIF \/ NIF: B63950737Tel\u00e9fono: +34 933 968 033Nombre de dominio: www.interwor-tsic.com.Inscrito en el Registro Mercantil de Barcelona, Tomo 38.523, Folio 11, H 325.220, inscripci\u00f3n 1\u00aa. OBJETO INTERWOR...","og_url":"https:\/\/interwor-tsic.com\/ca\/aviso-legal\/","og_site_name":"Interwor","twitter_card":"summary_large_image","twitter_misc":{"Temps estimat de lectura":"7 minuts"},"schema":{"@context":"https:\/\/schema.org","@graph":[{"@type":"WebPage","@id":"https:\/\/interwor-tsic.com\/ca\/aviso-legal\/","url":"https:\/\/interwor-tsic.com\/ca\/aviso-legal\/","name":"Aviso Legal - Interwor","isPartOf":{"@id":"https:\/\/interwor2025.vacune.com\/#website"},"datePublished":"2025-10-17T09:06:12+00:00","breadcrumb":{"@id":"https:\/\/interwor-tsic.com\/ca\/aviso-legal\/#breadcrumb"},"inLanguage":"ca","potentialAction":[{"@type":"ReadAction","target":["https:\/\/interwor-tsic.com\/ca\/aviso-legal\/"]}]},{"@type":"BreadcrumbList","@id":"https:\/\/interwor-tsic.com\/ca\/aviso-legal\/#breadcrumb","itemListElement":[{"@type":"ListItem","position":1,"name":"Portada","item":"https:\/\/interwor2025.vacune.com\/ca\/"},{"@type":"ListItem","position":2,"name":"Aviso Legal"}]},{"@type":"WebSite","@id":"https:\/\/interwor2025.vacune.com\/#website","url":"https:\/\/interwor2025.vacune.com\/","name":"Interwor","description":"Expertos en consultor\u00eda tecnol\u00f3gica","publisher":{"@id":"https:\/\/interwor2025.vacune.com\/#organization"},"potentialAction":[{"@type":"SearchAction","target":{"@type":"EntryPoint","urlTemplate":"https:\/\/interwor2025.vacune.com\/?s={search_term_string}"},"query-input":{"@type":"PropertyValueSpecification","valueRequired":true,"valueName":"search_term_string"}}],"inLanguage":"ca"},{"@type":"Organization","@id":"https:\/\/interwor2025.vacune.com\/#organization","name":"Interwor","url":"https:\/\/interwor2025.vacune.com\/","logo":{"@type":"ImageObject","inLanguage":"ca","@id":"https:\/\/interwor2025.vacune.com\/#\/schema\/logo\/image\/","url":"https:\/\/interwor-tsic.com\/wp-content\/uploads\/2025\/06\/logo_cabecera.svg","contentUrl":"https:\/\/interwor-tsic.com\/wp-content\/uploads\/2025\/06\/logo_cabecera.svg","width":404,"height":59,"caption":"Interwor"},"image":{"@id":"https:\/\/interwor2025.vacune.com\/#\/schema\/logo\/image\/"}}]}},"_links":{"self":[{"href":"https:\/\/interwor-tsic.com\/ca\/wp-json\/wp\/v2\/pages\/23840","targetHints":{"allow":["GET"]}}],"collection":[{"href":"https:\/\/interwor-tsic.com\/ca\/wp-json\/wp\/v2\/pages"}],"about":[{"href":"https:\/\/interwor-tsic.com\/ca\/wp-json\/wp\/v2\/types\/page"}],"author":[{"embeddable":true,"href":"https:\/\/interwor-tsic.com\/ca\/wp-json\/wp\/v2\/users\/1"}],"replies":[{"embeddable":true,"href":"https:\/\/interwor-tsic.com\/ca\/wp-json\/wp\/v2\/comments?post=23840"}],"version-history":[{"count":1,"href":"https:\/\/interwor-tsic.com\/ca\/wp-json\/wp\/v2\/pages\/23840\/revisions"}],"predecessor-version":[{"id":23890,"href":"https:\/\/interwor-tsic.com\/ca\/wp-json\/wp\/v2\/pages\/23840\/revisions\/23890"}],"wp:attachment":[{"href":"https:\/\/interwor-tsic.com\/ca\/wp-json\/wp\/v2\/media?parent=23840"}],"curies":[{"name":"wp","href":"https:\/\/api.w.org\/{rel}","templated":true}]}}